{"id":2998,"date":"2021-04-24T07:30:35","date_gmt":"2021-04-24T07:30:35","guid":{"rendered":"https:\/\/repasupplies.com\/?page_id=2998"},"modified":"2021-08-31T06:55:24","modified_gmt":"2021-08-31T06:55:24","slug":"bandas-planas","status":"publish","type":"page","link":"https:\/\/repasupplies.com\/es\/bandas-planas\/","title":{"rendered":"Bandas planas"},"content":{"rendered":"\n<p>Las bandas transportadoras son la base de casi todos los sistemas de transporte en muchas industrias diferentes, como el procesamiento de materias primas, la industria del acero y el reciclaje, la industria del papel, de la madera, del cemento y de la qu\u00edmica. Y se puede transportar casi todo: madera, hierro, vidrio, hormig\u00f3n, residuos sueltos y mucho m\u00e1s.<\/p>\n\n\n\n<p>Una  banda  plana de caucho est\u00e1 disponible en muchas formas y tama\u00f1os y puede tener diferentes caracter\u00edsticas. Existen las bandas planas est\u00e1ndar, pero tambi\u00e9n puede elegir las bandas estables transversales, las bandas de tejido Ripstop provistas de cables de acero (que hacen imposible el desgarro), y las bandas deslizantes (con tejido en la parte inferior). Adem\u00e1s, casi todas las bandas planas est\u00e1n disponibles en una versi\u00f3n resistente al aceite y a la grasa, as\u00ed como en una versi\u00f3n resistente al calor.<\/p>\n","protected":false},"excerpt":{"rendered":"<p>Las bandas transportadoras son la base de casi todos los sistemas de transporte en muchas industrias diferentes, como el procesamiento de materias primas, la industria del acero y el reciclaje, la industria del papel, de la madera, del cemento y de la qu\u00edmica. Y se puede transportar casi todo: madera, hierro, vidrio, hormig\u00f3n, residuos sueltos [&hellip;]<\/p>\n","protected":false},"author":1,"featured_media":0,"parent":0,"menu_order":0,"comment_status":"closed","ping_status":"closed","template":"templates\/template-product.php","meta":{"_acf_changed":false,"footnotes":""},"class_list":["post-2998","page","type-page","status-publish","hentry"],"acf":[],"_links":{"self":[{"href":"https:\/\/repasupplies.com\/es\/wp-json\/wp\/v2\/pages\/2998","targetHints":{"allow":["GET"]}}],"collection":[{"href":"https:\/\/repasupplies.com\/es\/wp-json\/wp\/v2\/pages"}],"about":[{"href":"https:\/\/repasupplies.com\/es\/wp-json\/wp\/v2\/types\/page"}],"author":[{"embeddable":true,"href":"https:\/\/repasupplies.com\/es\/wp-json\/wp\/v2\/users\/1"}],"replies":[{"embeddable":true,"href":"https:\/\/repasupplies.com\/es\/wp-json\/wp\/v2\/comments?post=2998"}],"version-history":[{"count":5,"href":"https:\/\/repasupplies.com\/es\/wp-json\/wp\/v2\/pages\/2998\/revisions"}],"predecessor-version":[{"id":4769,"href":"https:\/\/repasupplies.com\/es\/wp-json\/wp\/v2\/pages\/2998\/revisions\/4769"}],"wp:attachment":[{"href":"https:\/\/repasupplies.com\/es\/wp-json\/wp\/v2\/media?parent=2998"}],"curies":[{"name":"wp","href":"https:\/\/api.w.org\/{rel}","templated":true}]}}