{"id":3021,"date":"2021-04-24T07:49:45","date_gmt":"2021-04-24T07:49:45","guid":{"rendered":"https:\/\/repasupplies.com\/?page_id=3021"},"modified":"2021-08-31T06:50:50","modified_gmt":"2021-08-31T06:50:50","slug":"bandas-elevadoras","status":"publish","type":"page","link":"https:\/\/repasupplies.com\/es\/bandas-elevadoras\/","title":{"rendered":"Bandas elevadoras"},"content":{"rendered":"\n<p>Las bandas elevadoras est\u00e1n especialmente dise\u00f1adas para transportar productos sueltos en vertical. Por la composici\u00f3n y colocaci\u00f3n de las bandas y la adici\u00f3n de cangilones elevadores, todo acaba de forma segura y ordenada en el lugar destinado.<\/p>\n\n\n\n<p>Las bandas elevadoras se usan en diferentes industrias, para la transportaci\u00f3n de polvos, arena, productos agr\u00edcolas, vidrio, forraje, madera y mucho otras materias (primas) y materiales.<\/p>\n","protected":false},"excerpt":{"rendered":"<p>Las bandas elevadoras est\u00e1n especialmente dise\u00f1adas para transportar productos sueltos en vertical. Por la composici\u00f3n y colocaci\u00f3n de las bandas y la adici\u00f3n de cangilones elevadores, todo acaba de forma segura y ordenada en el lugar destinado. Las bandas elevadoras se usan en diferentes industrias, para la transportaci\u00f3n de polvos, arena, productos agr\u00edcolas, vidrio, forraje, [&hellip;]<\/p>\n","protected":false},"author":1,"featured_media":0,"parent":0,"menu_order":0,"comment_status":"closed","ping_status":"closed","template":"templates\/template-product.php","meta":{"_acf_changed":false,"footnotes":""},"class_list":["post-3021","page","type-page","status-publish","hentry"],"acf":[],"_links":{"self":[{"href":"https:\/\/repasupplies.com\/es\/wp-json\/wp\/v2\/pages\/3021","targetHints":{"allow":["GET"]}}],"collection":[{"href":"https:\/\/repasupplies.com\/es\/wp-json\/wp\/v2\/pages"}],"about":[{"href":"https:\/\/repasupplies.com\/es\/wp-json\/wp\/v2\/types\/page"}],"author":[{"embeddable":true,"href":"https:\/\/repasupplies.com\/es\/wp-json\/wp\/v2\/users\/1"}],"replies":[{"embeddable":true,"href":"https:\/\/repasupplies.com\/es\/wp-json\/wp\/v2\/comments?post=3021"}],"version-history":[{"count":5,"href":"https:\/\/repasupplies.com\/es\/wp-json\/wp\/v2\/pages\/3021\/revisions"}],"predecessor-version":[{"id":4762,"href":"https:\/\/repasupplies.com\/es\/wp-json\/wp\/v2\/pages\/3021\/revisions\/4762"}],"wp:attachment":[{"href":"https:\/\/repasupplies.com\/es\/wp-json\/wp\/v2\/media?parent=3021"}],"curies":[{"name":"wp","href":"https:\/\/api.w.org\/{rel}","templated":true}]}}