{"id":3051,"date":"2021-04-24T09:01:55","date_gmt":"2021-04-24T09:01:55","guid":{"rendered":"https:\/\/repasupplies.com\/?page_id=3051"},"modified":"2021-08-31T07:07:11","modified_gmt":"2021-08-31T07:07:11","slug":"bandas-transportadoras-de-sal","status":"publish","type":"page","link":"https:\/\/repasupplies.com\/es\/bandas-transportadoras-de-sal\/","title":{"rendered":"Bandas transportadoras de sal"},"content":{"rendered":"\n<p>Las bandas transportadoras son muy pr\u00e1cticas en las esparcidoras de sal profesionales. La banda garantiza que la sal se distribuya uniformemente sobre el disco esparcidor. Las bandas transportadoras tambi\u00e9n permiten esparcir otros materiales adem\u00e1s de la sal, como arena o gravilla.<\/p>\n\n\n\n<p>Las bandas transportadoras para esparcidores de sal -o bandas de sal- est\u00e1n especialmente dise\u00f1adas para ser utilizadas en tambores muy peque\u00f1os y para alcanzar altas velocidades. La combinaci\u00f3n de un perfil aplanado y una alta resistencia a la tracci\u00f3n garantiza un producto f\u00e1cilmente dirigible. Naturalmente, las bandas de sal son muy resistentes a la sal y a las condiciones clim\u00e1ticas (extremas).<\/p>\n","protected":false},"excerpt":{"rendered":"<p>Las bandas transportadoras son muy pr\u00e1cticas en las esparcidoras de sal profesionales. La banda garantiza que la sal se distribuya uniformemente sobre el disco esparcidor. Las bandas transportadoras tambi\u00e9n permiten esparcir otros materiales adem\u00e1s de la sal, como arena o gravilla. Las bandas transportadoras para esparcidores de sal -o bandas de sal- est\u00e1n especialmente dise\u00f1adas [&hellip;]<\/p>\n","protected":false},"author":1,"featured_media":0,"parent":0,"menu_order":0,"comment_status":"closed","ping_status":"closed","template":"templates\/template-product.php","meta":{"_acf_changed":false,"footnotes":""},"class_list":["post-3051","page","type-page","status-publish","hentry"],"acf":[],"_links":{"self":[{"href":"https:\/\/repasupplies.com\/es\/wp-json\/wp\/v2\/pages\/3051","targetHints":{"allow":["GET"]}}],"collection":[{"href":"https:\/\/repasupplies.com\/es\/wp-json\/wp\/v2\/pages"}],"about":[{"href":"https:\/\/repasupplies.com\/es\/wp-json\/wp\/v2\/types\/page"}],"author":[{"embeddable":true,"href":"https:\/\/repasupplies.com\/es\/wp-json\/wp\/v2\/users\/1"}],"replies":[{"embeddable":true,"href":"https:\/\/repasupplies.com\/es\/wp-json\/wp\/v2\/comments?post=3051"}],"version-history":[{"count":5,"href":"https:\/\/repasupplies.com\/es\/wp-json\/wp\/v2\/pages\/3051\/revisions"}],"predecessor-version":[{"id":4785,"href":"https:\/\/repasupplies.com\/es\/wp-json\/wp\/v2\/pages\/3051\/revisions\/4785"}],"wp:attachment":[{"href":"https:\/\/repasupplies.com\/es\/wp-json\/wp\/v2\/media?parent=3051"}],"curies":[{"name":"wp","href":"https:\/\/api.w.org\/{rel}","templated":true}]}}