{"id":3064,"date":"2021-04-24T09:25:58","date_gmt":"2021-04-24T09:25:58","guid":{"rendered":"https:\/\/repasupplies.com\/?page_id=3064"},"modified":"2023-06-14T08:33:08","modified_gmt":"2023-06-14T08:33:08","slug":"bandas-transportadoras-con-bordes-ondulados","status":"publish","type":"page","link":"https:\/\/repasupplies.com\/es\/bandas-transportadoras-con-bordes-ondulados\/","title":{"rendered":"Bandas transportadoras con bordes ondulados"},"content":{"rendered":"\n<p>Las bandas transportadoras con bordes ondulados son muy pr\u00e1cticas. Son muy estables y pueden transportar m\u00e1s productos bajo un \u00e1ngulo mayor. REPA Supplies, como proveedor total, puede suministrar estas Bandas transportadoras con bordes ondulados listas para su uso. Montamos las bandas con bordes ondulados especialmente para usted, en funci\u00f3n de sus necesidades exactas.<\/p>\n\n\n\n<p>El uso de bordes ondulados ofrece muchas ventajas. Los productos pueden transportarse \u00edntegramente en una misma  banda y se evitan los derrames, porque los bordes ondulados forman parte de la propia banda. Esta uniformidad significa que casi no hay piezas m\u00f3viles, por lo que apenas se necesita mantenimiento.<\/p>\n\n\n\n<p>Por \u00faltimo, el posible \u00e1ngulo de transporte de 90 grados ofrece varias ventajas. Se necesita poca energ\u00eda para mover la banda y se ahorra mucho espacio horizontal; ideal en lugares donde hay poco espacio para las instalaciones.<\/p>\n\n\n\n<p>Las bandas con bordes ondulados est\u00e1n compuestas por varios componentes. La banda base consiste de una  banda EP-. ST-, CP- o estable transversal. La banda estable transversal es la m\u00e1s utilizada por sus muy buenas propiedades estabilizadoras. A continuaci\u00f3n, se fijan los bordes ondulados y transportadores a esta banda base.<\/p>\n\n\n\n<p>Fabricamos las bandas transportadoras con bordes ondulados que necesita, completamente a medida. Para casi todas las industrias y empresas se necesita un enfoque \u00fanico y nosotros podemos ofrecerlo gracias a nuestra amplia experiencia, conocimientos y gama.<\/p>\n","protected":false},"excerpt":{"rendered":"<p>Las bandas transportadoras con bordes ondulados son muy pr\u00e1cticas. Son muy estables y pueden transportar m\u00e1s productos bajo un \u00e1ngulo mayor. REPA Supplies, como proveedor total, puede suministrar estas Bandas transportadoras con bordes ondulados listas para su uso. Montamos las bandas con bordes ondulados especialmente para usted, en funci\u00f3n de sus necesidades exactas. El uso [&hellip;]<\/p>\n","protected":false},"author":1,"featured_media":0,"parent":0,"menu_order":0,"comment_status":"closed","ping_status":"closed","template":"templates\/template-product.php","meta":{"_acf_changed":false,"footnotes":""},"class_list":["post-3064","page","type-page","status-publish","hentry"],"acf":[],"_links":{"self":[{"href":"https:\/\/repasupplies.com\/es\/wp-json\/wp\/v2\/pages\/3064","targetHints":{"allow":["GET"]}}],"collection":[{"href":"https:\/\/repasupplies.com\/es\/wp-json\/wp\/v2\/pages"}],"about":[{"href":"https:\/\/repasupplies.com\/es\/wp-json\/wp\/v2\/types\/page"}],"author":[{"embeddable":true,"href":"https:\/\/repasupplies.com\/es\/wp-json\/wp\/v2\/users\/1"}],"replies":[{"embeddable":true,"href":"https:\/\/repasupplies.com\/es\/wp-json\/wp\/v2\/comments?post=3064"}],"version-history":[{"count":5,"href":"https:\/\/repasupplies.com\/es\/wp-json\/wp\/v2\/pages\/3064\/revisions"}],"predecessor-version":[{"id":5399,"href":"https:\/\/repasupplies.com\/es\/wp-json\/wp\/v2\/pages\/3064\/revisions\/5399"}],"wp:attachment":[{"href":"https:\/\/repasupplies.com\/es\/wp-json\/wp\/v2\/media?parent=3064"}],"curies":[{"name":"wp","href":"https:\/\/api.w.org\/{rel}","templated":true}]}}