{"id":3078,"date":"2021-04-24T09:34:52","date_gmt":"2021-04-24T09:34:52","guid":{"rendered":"https:\/\/repasupplies.com\/?page_id=3078"},"modified":"2023-06-14T08:31:41","modified_gmt":"2023-06-14T08:31:41","slug":"bandas-de-tejido-solido","status":"publish","type":"page","link":"https:\/\/repasupplies.com\/es\/bandas-de-tejido-solido\/","title":{"rendered":"Bandas de tejido s\u00f3lido"},"content":{"rendered":"\n<p>En las industrias y aplicaciones en las que se requieren bandas transportadoras con un grosor espec\u00edfico, as\u00ed como una resistencia a la tracci\u00f3n muy alta, las bandas de tejido s\u00f3lido (Solid Woven o SW por sus siglas en ingl\u00e9s) suelen ser la mejor soluci\u00f3n.&nbsp; Se utiliza s\u00f3lo una capa de tejido grueso y muy resistente a los desgarros y otros da\u00f1os.<\/p>\n\n\n\n<p>Las bandas de tejido s\u00f3lido tienen buenas caracter\u00edsticas conductoras y son muy robustas. Se pueden utilizar tanto para las aplicaciones m\u00e1s pesadas como para m\u00e1quinas y tambores peque\u00f1os, en los que hay que alcanzar altas velocidades.<\/p>\n","protected":false},"excerpt":{"rendered":"<p>En las industrias y aplicaciones en las que se requieren bandas transportadoras con un grosor espec\u00edfico, as\u00ed como una resistencia a la tracci\u00f3n muy alta, las bandas de tejido s\u00f3lido (Solid Woven o SW por sus siglas en ingl\u00e9s) suelen ser la mejor soluci\u00f3n.&nbsp; Se utiliza s\u00f3lo una capa de tejido grueso y muy resistente [&hellip;]<\/p>\n","protected":false},"author":1,"featured_media":0,"parent":0,"menu_order":0,"comment_status":"closed","ping_status":"closed","template":"templates\/template-product.php","meta":{"_acf_changed":false,"footnotes":""},"class_list":["post-3078","page","type-page","status-publish","hentry"],"acf":[],"_links":{"self":[{"href":"https:\/\/repasupplies.com\/es\/wp-json\/wp\/v2\/pages\/3078","targetHints":{"allow":["GET"]}}],"collection":[{"href":"https:\/\/repasupplies.com\/es\/wp-json\/wp\/v2\/pages"}],"about":[{"href":"https:\/\/repasupplies.com\/es\/wp-json\/wp\/v2\/types\/page"}],"author":[{"embeddable":true,"href":"https:\/\/repasupplies.com\/es\/wp-json\/wp\/v2\/users\/1"}],"replies":[{"embeddable":true,"href":"https:\/\/repasupplies.com\/es\/wp-json\/wp\/v2\/comments?post=3078"}],"version-history":[{"count":5,"href":"https:\/\/repasupplies.com\/es\/wp-json\/wp\/v2\/pages\/3078\/revisions"}],"predecessor-version":[{"id":5397,"href":"https:\/\/repasupplies.com\/es\/wp-json\/wp\/v2\/pages\/3078\/revisions\/5397"}],"wp:attachment":[{"href":"https:\/\/repasupplies.com\/es\/wp-json\/wp\/v2\/media?parent=3078"}],"curies":[{"name":"wp","href":"https:\/\/api.w.org\/{rel}","templated":true}]}}