{"id":3089,"date":"2021-04-24T09:46:29","date_gmt":"2021-04-24T09:46:29","guid":{"rendered":"https:\/\/repasupplies.com\/?page_id=3089"},"modified":"2021-08-31T07:00:04","modified_gmt":"2021-08-31T07:00:04","slug":"bandas-supergrip","status":"publish","type":"page","link":"https:\/\/repasupplies.com\/es\/bandas-supergrip\/","title":{"rendered":"Bandas supergrip"},"content":{"rendered":"\n<p>Las bandas supergrip son indispensables en lugares en que se necesita un agarre extra para transportar mercanc\u00edas o productos. Esto ocurre a menudo en la tramitaci\u00f3n de equipaje en los aeropuertos, en la log\u00edstica y la industria alimentaria. Pero las bandas supergrip pueden tambi\u00e9n ser necesarias en las atracciones como en parques de atracciones. REPA puede suministrar una  banda supergrip adecuada para cada sector y aplicaci\u00f3n.<\/p>\n\n\n\n<p>Las bandas supergrip \u2013 o bandas rough top \u2013 pueden suministrarse con una cara inferior de caucho o de tejido, de modo que son adecuadas para funcionar tanto en rodillos como en plancha deslizante.<\/p>\n","protected":false},"excerpt":{"rendered":"<p>Las bandas supergrip son indispensables en lugares en que se necesita un agarre extra para transportar mercanc\u00edas o productos. Esto ocurre a menudo en la tramitaci\u00f3n de equipaje en los aeropuertos, en la log\u00edstica y la industria alimentaria. Pero las bandas supergrip pueden tambi\u00e9n ser necesarias en las atracciones como en parques de atracciones. REPA [&hellip;]<\/p>\n","protected":false},"author":1,"featured_media":0,"parent":0,"menu_order":0,"comment_status":"closed","ping_status":"closed","template":"templates\/template-product.php","meta":{"_acf_changed":false,"footnotes":""},"class_list":["post-3089","page","type-page","status-publish","hentry"],"acf":[],"_links":{"self":[{"href":"https:\/\/repasupplies.com\/es\/wp-json\/wp\/v2\/pages\/3089","targetHints":{"allow":["GET"]}}],"collection":[{"href":"https:\/\/repasupplies.com\/es\/wp-json\/wp\/v2\/pages"}],"about":[{"href":"https:\/\/repasupplies.com\/es\/wp-json\/wp\/v2\/types\/page"}],"author":[{"embeddable":true,"href":"https:\/\/repasupplies.com\/es\/wp-json\/wp\/v2\/users\/1"}],"replies":[{"embeddable":true,"href":"https:\/\/repasupplies.com\/es\/wp-json\/wp\/v2\/comments?post=3089"}],"version-history":[{"count":5,"href":"https:\/\/repasupplies.com\/es\/wp-json\/wp\/v2\/pages\/3089\/revisions"}],"predecessor-version":[{"id":4775,"href":"https:\/\/repasupplies.com\/es\/wp-json\/wp\/v2\/pages\/3089\/revisions\/4775"}],"wp:attachment":[{"href":"https:\/\/repasupplies.com\/es\/wp-json\/wp\/v2\/media?parent=3089"}],"curies":[{"name":"wp","href":"https:\/\/api.w.org\/{rel}","templated":true}]}}