{"id":3104,"date":"2021-04-24T09:53:07","date_gmt":"2021-04-24T09:53:07","guid":{"rendered":"https:\/\/repasupplies.com\/?page_id=3104"},"modified":"2021-08-31T07:08:18","modified_gmt":"2021-08-31T07:08:18","slug":"bandas-transportadoras-de-serrin","status":"publish","type":"page","link":"https:\/\/repasupplies.com\/es\/bandas-transportadoras-de-serrin\/","title":{"rendered":"Bandas transportadoras de serr\u00edn"},"content":{"rendered":"\n<p>En la industria de transformaci\u00f3n de madera se necesitan bandas transportadoras con caracter\u00edsticas espec\u00edficas. Mientras que las bandas de tejido s\u00f3lido (SW por sus siglas en ingl\u00e9s) o de tejido Ripstop suelen utilizarse para transportar troncos de \u00e1rboles y troncos grandes, los residuos m\u00e1s finos del aserradero requieren Bandas con una estructura y un dise\u00f1o diferentes. Si suministra a empresas que necesitan transportar serr\u00edn y pulpa de madera, lo mejor es optar por nuestras bandas de serr\u00edn especialmente fabricadas.<\/p>\n","protected":false},"excerpt":{"rendered":"<p>En la industria de transformaci\u00f3n de madera se necesitan bandas transportadoras con caracter\u00edsticas espec\u00edficas. Mientras que las bandas de tejido s\u00f3lido (SW por sus siglas en ingl\u00e9s) o de tejido Ripstop suelen utilizarse para transportar troncos de \u00e1rboles y troncos grandes, los residuos m\u00e1s finos del aserradero requieren Bandas con una estructura y un dise\u00f1o [&hellip;]<\/p>\n","protected":false},"author":1,"featured_media":0,"parent":0,"menu_order":0,"comment_status":"closed","ping_status":"closed","template":"templates\/template-product.php","meta":{"_acf_changed":false,"footnotes":""},"class_list":["post-3104","page","type-page","status-publish","hentry"],"acf":[],"_links":{"self":[{"href":"https:\/\/repasupplies.com\/es\/wp-json\/wp\/v2\/pages\/3104","targetHints":{"allow":["GET"]}}],"collection":[{"href":"https:\/\/repasupplies.com\/es\/wp-json\/wp\/v2\/pages"}],"about":[{"href":"https:\/\/repasupplies.com\/es\/wp-json\/wp\/v2\/types\/page"}],"author":[{"embeddable":true,"href":"https:\/\/repasupplies.com\/es\/wp-json\/wp\/v2\/users\/1"}],"replies":[{"embeddable":true,"href":"https:\/\/repasupplies.com\/es\/wp-json\/wp\/v2\/comments?post=3104"}],"version-history":[{"count":5,"href":"https:\/\/repasupplies.com\/es\/wp-json\/wp\/v2\/pages\/3104\/revisions"}],"predecessor-version":[{"id":4787,"href":"https:\/\/repasupplies.com\/es\/wp-json\/wp\/v2\/pages\/3104\/revisions\/4787"}],"wp:attachment":[{"href":"https:\/\/repasupplies.com\/es\/wp-json\/wp\/v2\/media?parent=3104"}],"curies":[{"name":"wp","href":"https:\/\/api.w.org\/{rel}","templated":true}]}}