{"id":3117,"date":"2021-04-24T10:40:34","date_gmt":"2021-04-24T10:40:34","guid":{"rendered":"https:\/\/repasupplies.com\/?page_id=3117"},"modified":"2023-06-14T08:27:32","modified_gmt":"2023-06-14T08:27:32","slug":"caucho-bordes-ondulados","status":"publish","type":"page","link":"https:\/\/repasupplies.com\/es\/caucho-bordes-ondulados\/","title":{"rendered":"Caucho Bordes ondulados"},"content":{"rendered":"\n<p>Con los bordes ondulados fijados a los lados de una banda transportadora, las bandas son m\u00e1s estables y sus Due\u00f1os tambi\u00e9n pueden transportar m\u00e1s productos por banda. Gracias a la forma ondulada, los bordes pueden ser extra altos y a la vez estables. Esto crea una mayor capacidad de input. Sus clientes tambi\u00e9n pueden transportar productos bajo un \u00e1ngulo m\u00e1s grande. En combinaci\u00f3n con los transportadores, es posible incluso transportar de manera vertical. Los bordes ondulados se pueden pedir con y sin tejido.<\/p>\n","protected":false},"excerpt":{"rendered":"<p>Con los bordes ondulados fijados a los lados de una banda transportadora, las bandas son m\u00e1s estables y sus Due\u00f1os tambi\u00e9n pueden transportar m\u00e1s productos por banda. Gracias a la forma ondulada, los bordes pueden ser extra altos y a la vez estables. Esto crea una mayor capacidad de input. Sus clientes tambi\u00e9n pueden transportar [&hellip;]<\/p>\n","protected":false},"author":1,"featured_media":0,"parent":0,"menu_order":0,"comment_status":"closed","ping_status":"closed","template":"templates\/template-product.php","meta":{"_acf_changed":false,"footnotes":""},"class_list":["post-3117","page","type-page","status-publish","hentry"],"acf":[],"_links":{"self":[{"href":"https:\/\/repasupplies.com\/es\/wp-json\/wp\/v2\/pages\/3117","targetHints":{"allow":["GET"]}}],"collection":[{"href":"https:\/\/repasupplies.com\/es\/wp-json\/wp\/v2\/pages"}],"about":[{"href":"https:\/\/repasupplies.com\/es\/wp-json\/wp\/v2\/types\/page"}],"author":[{"embeddable":true,"href":"https:\/\/repasupplies.com\/es\/wp-json\/wp\/v2\/users\/1"}],"replies":[{"embeddable":true,"href":"https:\/\/repasupplies.com\/es\/wp-json\/wp\/v2\/comments?post=3117"}],"version-history":[{"count":4,"href":"https:\/\/repasupplies.com\/es\/wp-json\/wp\/v2\/pages\/3117\/revisions"}],"predecessor-version":[{"id":5393,"href":"https:\/\/repasupplies.com\/es\/wp-json\/wp\/v2\/pages\/3117\/revisions\/5393"}],"wp:attachment":[{"href":"https:\/\/repasupplies.com\/es\/wp-json\/wp\/v2\/media?parent=3117"}],"curies":[{"name":"wp","href":"https:\/\/api.w.org\/{rel}","templated":true}]}}