{"id":3121,"date":"2021-04-24T11:06:25","date_gmt":"2021-04-24T11:06:25","guid":{"rendered":"https:\/\/repasupplies.com\/?page_id=3121"},"modified":"2021-08-31T07:14:26","modified_gmt":"2021-08-31T07:14:26","slug":"caucho-transportadores","status":"publish","type":"page","link":"https:\/\/repasupplies.com\/es\/caucho-transportadores\/","title":{"rendered":"Caucho Transportadores"},"content":{"rendered":"\n<p>Los transportadores son indispensables si su cliente tiene bandas transportadoras ascendentes o descendientes en su instalaci\u00f3n. Esto evita que los productos se deslicen de la banda. Nuestros transportadores pueden ser f\u00e1cilmente vulcanizados en la banda por usted mismo; por supuesto, REPA puede suministrar tambi\u00e9n bandas transportadoras con los transportadores ya instalados. Los transportadores de caucho los tenemos en forma rectangular \u2013 que est\u00e1n perpendiculares en la banda transportadora \u2013 pero tambi\u00e9n los tenemos con un \u00e1ngulo de unos 60 y 80 grados.<\/p>\n","protected":false},"excerpt":{"rendered":"<p>Los transportadores son indispensables si su cliente tiene bandas transportadoras ascendentes o descendientes en su instalaci\u00f3n. Esto evita que los productos se deslicen de la banda. Nuestros transportadores pueden ser f\u00e1cilmente vulcanizados en la banda por usted mismo; por supuesto, REPA puede suministrar tambi\u00e9n bandas transportadoras con los transportadores ya instalados. Los transportadores de caucho [&hellip;]<\/p>\n","protected":false},"author":1,"featured_media":0,"parent":0,"menu_order":0,"comment_status":"closed","ping_status":"closed","template":"templates\/template-product.php","meta":{"_acf_changed":false,"footnotes":""},"class_list":["post-3121","page","type-page","status-publish","hentry"],"acf":[],"_links":{"self":[{"href":"https:\/\/repasupplies.com\/es\/wp-json\/wp\/v2\/pages\/3121","targetHints":{"allow":["GET"]}}],"collection":[{"href":"https:\/\/repasupplies.com\/es\/wp-json\/wp\/v2\/pages"}],"about":[{"href":"https:\/\/repasupplies.com\/es\/wp-json\/wp\/v2\/types\/page"}],"author":[{"embeddable":true,"href":"https:\/\/repasupplies.com\/es\/wp-json\/wp\/v2\/users\/1"}],"replies":[{"embeddable":true,"href":"https:\/\/repasupplies.com\/es\/wp-json\/wp\/v2\/comments?post=3121"}],"version-history":[{"count":4,"href":"https:\/\/repasupplies.com\/es\/wp-json\/wp\/v2\/pages\/3121\/revisions"}],"predecessor-version":[{"id":4795,"href":"https:\/\/repasupplies.com\/es\/wp-json\/wp\/v2\/pages\/3121\/revisions\/4795"}],"wp:attachment":[{"href":"https:\/\/repasupplies.com\/es\/wp-json\/wp\/v2\/media?parent=3121"}],"curies":[{"name":"wp","href":"https:\/\/api.w.org\/{rel}","templated":true}]}}