{"id":3155,"date":"2021-04-24T11:30:48","date_gmt":"2021-04-24T11:30:48","guid":{"rendered":"https:\/\/repasupplies.com\/?page_id=3155"},"modified":"2021-10-14T10:27:16","modified_gmt":"2021-10-14T10:27:16","slug":"revestimiento-de-tambores","status":"publish","type":"page","link":"https:\/\/repasupplies.com\/es\/revestimiento-de-tambores\/","title":{"rendered":"Revestimiento de tambores"},"content":{"rendered":"\n<p>REPA dispone de una amplia gama de revestimiento de caucho para tambores, rodillos y cilindros. La funci\u00f3n de este revestimiento es sobre todo aumentar la fricci\u00f3n entre la banda y el tambor. Esto reduce el deslizamiento de la banda transportadora, lo que mejora la marcha de la banda, y por lo tanto, el funcionamiento de toda la instalaci\u00f3n.<\/p>\n\n\n\n<p>Buen revestimiento de tambores es indispensable para toda su instalaci\u00f3n de la banda transportadora, ya que su uso prolonga la vida \u00fatil tanto del tambor como de la banda. Disponemos de diferentes tipos de revestimiento para tambores, todos ellos con caracter\u00edsticas espec\u00edficas en cuanto a forma, composici\u00f3n, dureza, elasticidad y resistencia al aceite, la grasa y las manchas.<\/p>\n","protected":false},"excerpt":{"rendered":"<p>REPA dispone de una amplia gama de revestimiento de caucho para tambores, rodillos y cilindros. La funci\u00f3n de este revestimiento es sobre todo aumentar la fricci\u00f3n entre la banda y el tambor. Esto reduce el deslizamiento de la banda transportadora, lo que mejora la marcha de la banda, y por lo tanto, el funcionamiento de [&hellip;]<\/p>\n","protected":false},"author":1,"featured_media":0,"parent":0,"menu_order":0,"comment_status":"closed","ping_status":"closed","template":"templates\/template-product.php","meta":{"_acf_changed":false,"footnotes":""},"class_list":["post-3155","page","type-page","status-publish","hentry"],"acf":[],"_links":{"self":[{"href":"https:\/\/repasupplies.com\/es\/wp-json\/wp\/v2\/pages\/3155","targetHints":{"allow":["GET"]}}],"collection":[{"href":"https:\/\/repasupplies.com\/es\/wp-json\/wp\/v2\/pages"}],"about":[{"href":"https:\/\/repasupplies.com\/es\/wp-json\/wp\/v2\/types\/page"}],"author":[{"embeddable":true,"href":"https:\/\/repasupplies.com\/es\/wp-json\/wp\/v2\/users\/1"}],"replies":[{"embeddable":true,"href":"https:\/\/repasupplies.com\/es\/wp-json\/wp\/v2\/comments?post=3155"}],"version-history":[{"count":5,"href":"https:\/\/repasupplies.com\/es\/wp-json\/wp\/v2\/pages\/3155\/revisions"}],"predecessor-version":[{"id":4871,"href":"https:\/\/repasupplies.com\/es\/wp-json\/wp\/v2\/pages\/3155\/revisions\/4871"}],"wp:attachment":[{"href":"https:\/\/repasupplies.com\/es\/wp-json\/wp\/v2\/media?parent=3155"}],"curies":[{"name":"wp","href":"https:\/\/api.w.org\/{rel}","templated":true}]}}