{"id":3165,"date":"2021-04-24T11:56:15","date_gmt":"2021-04-24T11:56:15","guid":{"rendered":"https:\/\/repasupplies.com\/?page_id=3165"},"modified":"2021-08-31T07:16:40","modified_gmt":"2021-08-31T07:16:40","slug":"cordones-de-caucho","status":"publish","type":"page","link":"https:\/\/repasupplies.com\/es\/cordones-de-caucho\/","title":{"rendered":"Cordones de caucho"},"content":{"rendered":"\n<p>En caso de que una banda transportadora tiene que hacer frente a fuerzas laterales, existe la posibilidad de que la banda descarrile. Para mantener el transporte lo m\u00e1s estable posible, la parte inferior o superior de una banda puede estar provista de cordones conductores. Puede elegir entre varios tipos, como cordones de perfil trapezoidal y cordones conductores en forma de bloque. La fijaci\u00f3n de los cordones a la banda puede realizarse mediante vulcanizaci\u00f3n en fr\u00edo o en caliente; la elecci\u00f3n depende de la industria o las aplicaciones de sus clientes.<\/p>\n","protected":false},"excerpt":{"rendered":"<p>En caso de que una banda transportadora tiene que hacer frente a fuerzas laterales, existe la posibilidad de que la banda descarrile. Para mantener el transporte lo m\u00e1s estable posible, la parte inferior o superior de una banda puede estar provista de cordones conductores. Puede elegir entre varios tipos, como cordones de perfil trapezoidal y [&hellip;]<\/p>\n","protected":false},"author":1,"featured_media":0,"parent":0,"menu_order":0,"comment_status":"closed","ping_status":"closed","template":"templates\/template-product.php","meta":{"_acf_changed":false,"footnotes":""},"class_list":["post-3165","page","type-page","status-publish","hentry"],"acf":[],"_links":{"self":[{"href":"https:\/\/repasupplies.com\/es\/wp-json\/wp\/v2\/pages\/3165","targetHints":{"allow":["GET"]}}],"collection":[{"href":"https:\/\/repasupplies.com\/es\/wp-json\/wp\/v2\/pages"}],"about":[{"href":"https:\/\/repasupplies.com\/es\/wp-json\/wp\/v2\/types\/page"}],"author":[{"embeddable":true,"href":"https:\/\/repasupplies.com\/es\/wp-json\/wp\/v2\/users\/1"}],"replies":[{"embeddable":true,"href":"https:\/\/repasupplies.com\/es\/wp-json\/wp\/v2\/comments?post=3165"}],"version-history":[{"count":5,"href":"https:\/\/repasupplies.com\/es\/wp-json\/wp\/v2\/pages\/3165\/revisions"}],"predecessor-version":[{"id":4796,"href":"https:\/\/repasupplies.com\/es\/wp-json\/wp\/v2\/pages\/3165\/revisions\/4796"}],"wp:attachment":[{"href":"https:\/\/repasupplies.com\/es\/wp-json\/wp\/v2\/media?parent=3165"}],"curies":[{"name":"wp","href":"https:\/\/api.w.org\/{rel}","templated":true}]}}