{"id":3180,"date":"2021-04-24T12:43:13","date_gmt":"2021-04-24T12:43:13","guid":{"rendered":"https:\/\/repasupplies.com\/?page_id=3180"},"modified":"2021-10-14T08:10:02","modified_gmt":"2021-10-14T08:10:02","slug":"bandas-con-sistema-de-extincion-de-incendios","status":"publish","type":"page","link":"https:\/\/repasupplies.com\/es\/bandas-con-sistema-de-extincion-de-incendios\/","title":{"rendered":"Bandas con sistema de extinci\u00f3n de incendios"},"content":{"rendered":"\n<p>En varias industrias, no s\u00f3lo se necesitan bandas transportadoras que soportan altas temperaturas, sino que tambi\u00e9n es necesario que las bandas puedan apagar o contener activamente las llamas. Despu\u00e9s de todo, el fuego no s\u00f3lo puede causar r\u00e1pidamente da\u00f1os en el punto de ruptura, sino que, si se deja sin controlar, el incendio puede extenderse r\u00e1pidamente y causar explosiones.<\/p>\n\n\n\n<p>Por ello, las bandas transportadoras con sistema de extinci\u00f3n de incendios pueden ser una necesidad absoluta. Especialmente las empresas dedicadas a la miner\u00eda, las centrales el\u00e9ctricas y la industria del acero, del reciclaje y del cemento hacen un gran uso de estas bandas.&nbsp;<\/p>\n","protected":false},"excerpt":{"rendered":"<p>En varias industrias, no s\u00f3lo se necesitan bandas transportadoras que soportan altas temperaturas, sino que tambi\u00e9n es necesario que las bandas puedan apagar o contener activamente las llamas. Despu\u00e9s de todo, el fuego no s\u00f3lo puede causar r\u00e1pidamente da\u00f1os en el punto de ruptura, sino que, si se deja sin controlar, el incendio puede extenderse [&hellip;]<\/p>\n","protected":false},"author":1,"featured_media":0,"parent":0,"menu_order":0,"comment_status":"closed","ping_status":"closed","template":"templates\/template-product.php","meta":{"_acf_changed":false,"footnotes":""},"class_list":["post-3180","page","type-page","status-publish","hentry"],"acf":[],"_links":{"self":[{"href":"https:\/\/repasupplies.com\/es\/wp-json\/wp\/v2\/pages\/3180","targetHints":{"allow":["GET"]}}],"collection":[{"href":"https:\/\/repasupplies.com\/es\/wp-json\/wp\/v2\/pages"}],"about":[{"href":"https:\/\/repasupplies.com\/es\/wp-json\/wp\/v2\/types\/page"}],"author":[{"embeddable":true,"href":"https:\/\/repasupplies.com\/es\/wp-json\/wp\/v2\/users\/1"}],"replies":[{"embeddable":true,"href":"https:\/\/repasupplies.com\/es\/wp-json\/wp\/v2\/comments?post=3180"}],"version-history":[{"count":5,"href":"https:\/\/repasupplies.com\/es\/wp-json\/wp\/v2\/pages\/3180\/revisions"}],"predecessor-version":[{"id":4866,"href":"https:\/\/repasupplies.com\/es\/wp-json\/wp\/v2\/pages\/3180\/revisions\/4866"}],"wp:attachment":[{"href":"https:\/\/repasupplies.com\/es\/wp-json\/wp\/v2\/media?parent=3180"}],"curies":[{"name":"wp","href":"https:\/\/api.w.org\/{rel}","templated":true}]}}