{"id":3318,"date":"2021-04-28T13:44:55","date_gmt":"2021-04-28T13:44:55","guid":{"rendered":"https:\/\/repasupplies.com\/?page_id=3318"},"modified":"2021-08-31T07:38:42","modified_gmt":"2021-08-31T07:38:42","slug":"transportadores","status":"publish","type":"page","link":"https:\/\/repasupplies.com\/es\/transportadores\/","title":{"rendered":"Transportadores"},"content":{"rendered":"\n<p>Si su cliente quiere transportar los productos bajo un \u00e1ngulo, los transportadores suelen ser indispensables. El uso de transportadores evita que los productos se deslicen o se caigan de la banda. Como norma, se montan los transportadores perpendicularmente a la banda transportadora, pero para poder transportar los productos con mayor inclinaci\u00f3n, se pueden montarlos tambi\u00e9n bajo un \u00e1ngulo de unos 80 grados. Los transportadores est\u00e1n disponibles en PVC y en PU en diferentes colores, como el blanco, el azul y el verde. Muchas variantes son resistentes al aceite y a la grasa y est\u00e1n aprobadas por la FDA.<\/p>\n\n\n\n<p>REPA puede suministrar los transportadores sueltos para montaje propio, pero por supuesto tambi\u00e9n, si desea, ya fijados a la banda transportadora.<\/p>\n","protected":false},"excerpt":{"rendered":"<p>Si su cliente quiere transportar los productos bajo un \u00e1ngulo, los transportadores suelen ser indispensables. El uso de transportadores evita que los productos se deslicen o se caigan de la banda. Como norma, se montan los transportadores perpendicularmente a la banda transportadora, pero para poder transportar los productos con mayor inclinaci\u00f3n, se pueden montarlos tambi\u00e9n [&hellip;]<\/p>\n","protected":false},"author":1,"featured_media":0,"parent":0,"menu_order":0,"comment_status":"closed","ping_status":"closed","template":"templates\/template-product.php","meta":{"_acf_changed":false,"footnotes":""},"class_list":["post-3318","page","type-page","status-publish","hentry"],"acf":[],"_links":{"self":[{"href":"https:\/\/repasupplies.com\/es\/wp-json\/wp\/v2\/pages\/3318","targetHints":{"allow":["GET"]}}],"collection":[{"href":"https:\/\/repasupplies.com\/es\/wp-json\/wp\/v2\/pages"}],"about":[{"href":"https:\/\/repasupplies.com\/es\/wp-json\/wp\/v2\/types\/page"}],"author":[{"embeddable":true,"href":"https:\/\/repasupplies.com\/es\/wp-json\/wp\/v2\/users\/1"}],"replies":[{"embeddable":true,"href":"https:\/\/repasupplies.com\/es\/wp-json\/wp\/v2\/comments?post=3318"}],"version-history":[{"count":4,"href":"https:\/\/repasupplies.com\/es\/wp-json\/wp\/v2\/pages\/3318\/revisions"}],"predecessor-version":[{"id":4821,"href":"https:\/\/repasupplies.com\/es\/wp-json\/wp\/v2\/pages\/3318\/revisions\/4821"}],"wp:attachment":[{"href":"https:\/\/repasupplies.com\/es\/wp-json\/wp\/v2\/media?parent=3318"}],"curies":[{"name":"wp","href":"https:\/\/api.w.org\/{rel}","templated":true}]}}