{"id":4741,"date":"2021-08-10T11:04:45","date_gmt":"2021-08-10T11:04:45","guid":{"rendered":"https:\/\/repasupplies.com\/?page_id=4741"},"modified":"2023-06-14T08:33:45","modified_gmt":"2023-06-14T08:33:45","slug":"bandas-transportadoras-de-cable-de-acero","status":"publish","type":"page","link":"https:\/\/repasupplies.com\/es\/bandas-transportadoras-de-cable-de-acero\/","title":{"rendered":"Bandas transportadoras de cable de acero"},"content":{"rendered":"\n<p>Las bandas transportadoras de cable de acero son bandas transportadoras formadas por diferentes capas de caucho que contienen cable de acero.<\/p>\n\n\n\n<p>Las bandas transportadoras de cable de acero son la soluci\u00f3n ideal para las aplicaciones o industrias m\u00e1s pesadas, debido a su composici\u00f3n extremamente s\u00f3lida, resistente al desgaste y al desgarro. Adem\u00e1s ahorran energ\u00eda. Seg\u00fan sea necesario, REPA puede suministrar bandas transportadoras de cable de acero resistentes al fuego, al calor y al fr\u00edo y resistentes al aceite y a la grasa en casi todas las normas DIN, MSHA , ATEX, ISO, FRAS, etc\u00e9tera.<\/p>\n\n\n\n<p>En las industrias pesadas, como los puertos y las minas, se utilizan a menudo las bandas transportadoras de cable de acero. Pero tambi\u00e9n en las industrias menos pesadas estas bandas transportadoras pueden ser una soluci\u00f3n perfecta. Por ejemplo cuando las bandas transportadoras est\u00e1n muy cargadas o en caso de transporte de materiales a grandes distancias.<\/p>\n\n\n\n<p>Las bandas transportadoras de cable de acero consisten de diferentes componentes, todos ellos esenciales para un buen rendimiento. En el centro de la banda se encuentran los cordones de acero galvanizados con zinc. Estos cordones est\u00e1n formados por muchos alambres, que garantizan tanto la m\u00e1xima resistencia como una excelente flexibilidad. El recubrimiento del zinc proporciona una buena adhesi\u00f3n entre los cordones y la capa aislante y protege contra la corrosi\u00f3n. Una capa aislante rodea los cordones, adhiri\u00e9ndose a ellos y penetr\u00e1ndolos para lograr la m\u00e1xima eficacia.<\/p>\n","protected":false},"excerpt":{"rendered":"<p>Las bandas transportadoras de cable de acero son bandas transportadoras formadas por diferentes capas de caucho que contienen cable de acero. Las bandas transportadoras de cable de acero son la soluci\u00f3n ideal para las aplicaciones o industrias m\u00e1s pesadas, debido a su composici\u00f3n extremamente s\u00f3lida, resistente al desgaste y al desgarro. Adem\u00e1s ahorran energ\u00eda. Seg\u00fan [&hellip;]<\/p>\n","protected":false},"author":1,"featured_media":0,"parent":0,"menu_order":0,"comment_status":"closed","ping_status":"closed","template":"templates\/template-product.php","meta":{"_acf_changed":false,"footnotes":""},"class_list":["post-4741","page","type-page","status-publish","hentry"],"acf":[],"_links":{"self":[{"href":"https:\/\/repasupplies.com\/es\/wp-json\/wp\/v2\/pages\/4741","targetHints":{"allow":["GET"]}}],"collection":[{"href":"https:\/\/repasupplies.com\/es\/wp-json\/wp\/v2\/pages"}],"about":[{"href":"https:\/\/repasupplies.com\/es\/wp-json\/wp\/v2\/types\/page"}],"author":[{"embeddable":true,"href":"https:\/\/repasupplies.com\/es\/wp-json\/wp\/v2\/users\/1"}],"replies":[{"embeddable":true,"href":"https:\/\/repasupplies.com\/es\/wp-json\/wp\/v2\/comments?post=4741"}],"version-history":[{"count":5,"href":"https:\/\/repasupplies.com\/es\/wp-json\/wp\/v2\/pages\/4741\/revisions"}],"predecessor-version":[{"id":5400,"href":"https:\/\/repasupplies.com\/es\/wp-json\/wp\/v2\/pages\/4741\/revisions\/5400"}],"wp:attachment":[{"href":"https:\/\/repasupplies.com\/es\/wp-json\/wp\/v2\/media?parent=4741"}],"curies":[{"name":"wp","href":"https:\/\/api.w.org\/{rel}","templated":true}]}}