{"id":5424,"date":"2023-07-07T09:13:06","date_gmt":"2023-07-07T09:13:06","guid":{"rendered":"https:\/\/repasupplies.com\/?page_id=5424"},"modified":"2023-07-07T09:13:07","modified_gmt":"2023-07-07T09:13:07","slug":"numero-de-identificacion","status":"publish","type":"page","link":"https:\/\/repasupplies.com\/es\/numero-de-identificacion\/","title":{"rendered":"N\u00famero de identificaci\u00f3n"},"content":{"rendered":"\n<p>En relaci\u00f3n con un nuevo sistema de facturaci\u00f3n, pronto ser\u00e1 obligatorio que incluyamos un n\u00famero de identificaci\u00f3n \u00fanico en nuestras facturas. En los Pa\u00edses Bajos se trata del n\u00famero de la C\u00e1mara de Comercio. En otros pa\u00edses es un n\u00famero de identificaci\u00f3n oficial comparable que figura en el registro mercantil del pa\u00eds en cuesti\u00f3n (longitud m\u00e1xima 12 caracteres alfanum\u00e9ricos). Atenci\u00f3n: no se trata del n\u00famero de IVA.<\/p>\n\n\n\n<p>Queremos asegurarnos de que podemos seguir ofreci\u00e9ndole nuestros servicios en la forma en que les tenemos acostumbrados. Por lo tanto, le rogamos que nos facilite este n\u00famero de identificaci\u00f3n \u00fanico antes del 24-07-2023. Para ello, utilice el formulario adjunto. Aqu\u00ed puede introducir el nombre de su empresa, su n\u00famero de deudor y su n\u00famero de identificaci\u00f3n. S\u00f3lo le costar\u00e1 un minuto de su tiempo. Muchas gracias.<\/p>\n","protected":false},"excerpt":{"rendered":"<p>En relaci\u00f3n con un nuevo sistema de facturaci\u00f3n, pronto ser\u00e1 obligatorio que incluyamos un n\u00famero de identificaci\u00f3n \u00fanico en nuestras facturas. En los Pa\u00edses Bajos se trata del n\u00famero de la C\u00e1mara de Comercio. En otros pa\u00edses es un n\u00famero de identificaci\u00f3n oficial comparable que figura en el registro mercantil del pa\u00eds en cuesti\u00f3n (longitud [&hellip;]<\/p>\n","protected":false},"author":1,"featured_media":0,"parent":0,"menu_order":0,"comment_status":"closed","ping_status":"closed","template":"templates\/template-contact.php","meta":{"_acf_changed":false,"footnotes":""},"class_list":["post-5424","page","type-page","status-publish","hentry"],"acf":[],"_links":{"self":[{"href":"https:\/\/repasupplies.com\/es\/wp-json\/wp\/v2\/pages\/5424","targetHints":{"allow":["GET"]}}],"collection":[{"href":"https:\/\/repasupplies.com\/es\/wp-json\/wp\/v2\/pages"}],"about":[{"href":"https:\/\/repasupplies.com\/es\/wp-json\/wp\/v2\/types\/page"}],"author":[{"embeddable":true,"href":"https:\/\/repasupplies.com\/es\/wp-json\/wp\/v2\/users\/1"}],"replies":[{"embeddable":true,"href":"https:\/\/repasupplies.com\/es\/wp-json\/wp\/v2\/comments?post=5424"}],"version-history":[{"count":2,"href":"https:\/\/repasupplies.com\/es\/wp-json\/wp\/v2\/pages\/5424\/revisions"}],"predecessor-version":[{"id":5426,"href":"https:\/\/repasupplies.com\/es\/wp-json\/wp\/v2\/pages\/5424\/revisions\/5426"}],"wp:attachment":[{"href":"https:\/\/repasupplies.com\/es\/wp-json\/wp\/v2\/media?parent=5424"}],"curies":[{"name":"wp","href":"https:\/\/api.w.org\/{rel}","templated":true}]}}