{"id":3916,"date":"2021-05-03T14:22:11","date_gmt":"2021-05-03T14:22:11","guid":{"rendered":"https:\/\/repasupplies.com\/?page_id=3916"},"modified":"2021-05-05T14:19:29","modified_gmt":"2021-05-05T14:19:29","slug":"contact","status":"publish","type":"page","link":"https:\/\/repasupplies.com\/fr\/contact\/","title":{"rendered":"Contact"},"content":{"rendered":"\n<p>Vous \u00eates enthousiasm\u00e9s par notre gamme de produits et d\u00e9sirez passer commande? Vous avez une question sur l\u2019un de nos produits \u2026 ou sur un produit que vous ne trouvez pas \u00a0sur notre site?<br>Vous d\u00e9sirez \u00eatre inform\u00e9 sur notre m\u00e9thode de travail ?<br>Peut-\u00eatre avez-vous envie de faire personnellement connaissance ?<\/p>\n\n\n\n<p>Prenez contact via le num\u00e9ro de t\u00e9l\u00e9phone ci-dessous ou en remplissant le formulaire de contact. Nous sommes toujours \u00e0 votre disposition !<\/p>\n","protected":false},"excerpt":{"rendered":"<p>Vous \u00eates enthousiasm\u00e9s par notre gamme de produits et d\u00e9sirez passer commande? Vous avez une question sur l\u2019un de nos produits \u2026 ou sur un produit que vous ne trouvez pas \u00a0sur notre site?Vous d\u00e9sirez \u00eatre inform\u00e9 sur notre m\u00e9thode de travail ?Peut-\u00eatre avez-vous envie de faire personnellement connaissance ? Prenez contact via le num\u00e9ro [&hellip;]<\/p>\n","protected":false},"author":1,"featured_media":0,"parent":0,"menu_order":0,"comment_status":"closed","ping_status":"closed","template":"templates\/template-contact.php","meta":{"_acf_changed":false,"footnotes":""},"class_list":["post-3916","page","type-page","status-publish","hentry"],"acf":[],"_links":{"self":[{"href":"https:\/\/repasupplies.com\/fr\/wp-json\/wp\/v2\/pages\/3916","targetHints":{"allow":["GET"]}}],"collection":[{"href":"https:\/\/repasupplies.com\/fr\/wp-json\/wp\/v2\/pages"}],"about":[{"href":"https:\/\/repasupplies.com\/fr\/wp-json\/wp\/v2\/types\/page"}],"author":[{"embeddable":true,"href":"https:\/\/repasupplies.com\/fr\/wp-json\/wp\/v2\/users\/1"}],"replies":[{"embeddable":true,"href":"https:\/\/repasupplies.com\/fr\/wp-json\/wp\/v2\/comments?post=3916"}],"version-history":[{"count":5,"href":"https:\/\/repasupplies.com\/fr\/wp-json\/wp\/v2\/pages\/3916\/revisions"}],"predecessor-version":[{"id":4407,"href":"https:\/\/repasupplies.com\/fr\/wp-json\/wp\/v2\/pages\/3916\/revisions\/4407"}],"wp:attachment":[{"href":"https:\/\/repasupplies.com\/fr\/wp-json\/wp\/v2\/media?parent=3916"}],"curies":[{"name":"wp","href":"https:\/\/api.w.org\/{rel}","templated":true}]}}