{"id":3923,"date":"2021-05-03T14:30:37","date_gmt":"2021-05-03T14:30:37","guid":{"rendered":"https:\/\/repasupplies.com\/?page_id=3923"},"modified":"2021-05-05T14:17:51","modified_gmt":"2021-05-05T14:17:51","slug":"sas-de-quai","status":"publish","type":"page","link":"https:\/\/repasupplies.com\/fr\/sas-de-quai\/","title":{"rendered":"Sas de quai"},"content":{"rendered":"\n<p>Un sas de quai est une isolation id\u00e9ale entre le quai de chargement et le camion. Non seulement le sas est une mani\u00e8re efficace et effective pour adopter la meilleure position de chargement, mais un bon sas de quai constitue \u00e9galement une \u00e9conomie d\u2019\u00e9nergie et garantit une meilleure hygi\u00e8ne dans le magasin ou la zone de chargement. Pour ce faire, tous les mat\u00e9riaux d\u2019isolation doivent \u00e9videmment \u00eatre de qualit\u00e9 suffisante. REPA livre uniquement du PVC et du caoutchouc de haute qualit\u00e9 pour l\u2019habillage des sas de quai. De cette mani\u00e8re, l\u2019int\u00e9grit\u00e9 des sas reste toujours intacte.<\/p>\n\n\n\n<p>Nous avons des habillages pour diff\u00e9rentes sortes de sas de quai, entre autres les sas \u00e0 rideaux, les sas \u00e0 coussins, les sas \u00e0 rabats m\u00e9caniques et les sas \u00e0 coussins gonflables. Tant les c\u00f4t\u00e9s lat\u00e9raux que la partie sup\u00e9rieure peuvent \u00eatre habill\u00e9s avec nos mat\u00e9riaux. Vous avez le choix entre des rev\u00eatements isol\u00e9s et non isol\u00e9s. &nbsp;<\/p>\n","protected":false},"excerpt":{"rendered":"<p>Un sas de quai est une isolation id\u00e9ale entre le quai de chargement et le camion. Non seulement le sas est une mani\u00e8re efficace et effective pour adopter la meilleure position de chargement, mais un bon sas de quai constitue \u00e9galement une \u00e9conomie d\u2019\u00e9nergie et garantit une meilleure hygi\u00e8ne dans le magasin ou la zone [&hellip;]<\/p>\n","protected":false},"author":1,"featured_media":0,"parent":0,"menu_order":0,"comment_status":"closed","ping_status":"closed","template":"templates\/template-product.php","meta":{"_acf_changed":false,"footnotes":""},"class_list":["post-3923","page","type-page","status-publish","hentry"],"acf":[],"_links":{"self":[{"href":"https:\/\/repasupplies.com\/fr\/wp-json\/wp\/v2\/pages\/3923","targetHints":{"allow":["GET"]}}],"collection":[{"href":"https:\/\/repasupplies.com\/fr\/wp-json\/wp\/v2\/pages"}],"about":[{"href":"https:\/\/repasupplies.com\/fr\/wp-json\/wp\/v2\/types\/page"}],"author":[{"embeddable":true,"href":"https:\/\/repasupplies.com\/fr\/wp-json\/wp\/v2\/users\/1"}],"replies":[{"embeddable":true,"href":"https:\/\/repasupplies.com\/fr\/wp-json\/wp\/v2\/comments?post=3923"}],"version-history":[{"count":5,"href":"https:\/\/repasupplies.com\/fr\/wp-json\/wp\/v2\/pages\/3923\/revisions"}],"predecessor-version":[{"id":4406,"href":"https:\/\/repasupplies.com\/fr\/wp-json\/wp\/v2\/pages\/3923\/revisions\/4406"}],"wp:attachment":[{"href":"https:\/\/repasupplies.com\/fr\/wp-json\/wp\/v2\/media?parent=3923"}],"curies":[{"name":"wp","href":"https:\/\/api.w.org\/{rel}","templated":true}]}}