{"id":4016,"date":"2021-05-04T14:02:04","date_gmt":"2021-05-04T14:02:04","guid":{"rendered":"https:\/\/repasupplies.com\/?page_id=4016"},"modified":"2023-09-02T13:14:07","modified_gmt":"2023-09-02T13:14:07","slug":"certificats","status":"publish","type":"page","link":"https:\/\/repasupplies.com\/fr\/certificats\/","title":{"rendered":"Certificats"},"content":{"rendered":"\n<p>Pour des raisons de s\u00e9curit\u00e9 et pour garantir le niveau de qualit\u00e9, il est bon de savoir que nous sommes suffisamment certifi\u00e9s.<\/p>\n\n\n\n<p>Depuis 1998, REPA dispose des certificats suivants:<\/p>\n\n\n<div class=\"wp-block-image\">\n<figure class=\"alignright size-full\"><img loading=\"lazy\" decoding=\"async\" width=\"197\" height=\"198\" src=\"https:\/\/repasupplies.com\/wp-content\/uploads\/2023\/09\/vca-1.jpg\" alt=\"\" class=\"wp-image-5463\" srcset=\"https:\/\/repasupplies.com\/wp-content\/uploads\/2023\/09\/vca-1.jpg 197w, https:\/\/repasupplies.com\/wp-content\/uploads\/2023\/09\/vca-1-150x150.jpg 150w\" sizes=\"auto, (max-width: 197px) 100vw, 197px\" \/><\/figure>\n<\/div>\n\n\n<h3 class=\"wp-block-heading\">VCA<\/h3>\n\n\n\n<p>La liste de contr\u00f4le S\u00e9curit\u00e9, Sant\u00e9 et Environnement (SSE) des entreprises contractantes, autrement dit la VCA, porte sur la gestion directe de la s\u00e9curit\u00e9 des processus d\u2019entreprise. Le certificat VCA implique que la soci\u00e9t\u00e9 en question travaille de mani\u00e8re s\u00e9curitaire et saine et consid\u00e8re qu\u2019il est important de continuer \u00e0 le faire.<\/p>\n\n\n\n<hr class=\"wp-block-separator has-css-opacity\"\/>\n\n\n\n<h3 class=\"wp-block-heading\">ISO 9001<\/h3>\n\n\n<div class=\"wp-block-image\">\n<figure class=\"alignleft size-full\"><img loading=\"lazy\" decoding=\"async\" width=\"197\" height=\"198\" src=\"https:\/\/repasupplies.com\/wp-content\/uploads\/2023\/09\/iso9001-1.jpg\" alt=\"\" class=\"wp-image-5469\" srcset=\"https:\/\/repasupplies.com\/wp-content\/uploads\/2023\/09\/iso9001-1.jpg 197w, https:\/\/repasupplies.com\/wp-content\/uploads\/2023\/09\/iso9001-1-150x150.jpg 150w\" sizes=\"auto, (max-width: 197px) 100vw, 197px\" \/><\/figure>\n<\/div>\n\n\n<p>La norme internationale ISO 9001 a pour but d\u2019instaurer un syst\u00e8me de gestion de la qualit\u00e9 et met l\u2019accent sur la satisfaction du client. La conformit\u00e9 \u00e0 cette norme signifie la poursuite et l\u2019impl\u00e9mentation continue d\u2019am\u00e9liorations. L\u2019ISO 9001 est fond\u00e9e sur sept principes de gestion de la qualit\u00e9, dont l\u2019orientation client, l\u2019implication personnelle, l\u2019approche du processus et la gestion des relations.<\/p>\n\n\n\n<hr class=\"wp-block-separator has-css-opacity\"\/>\n\n\n\n<h3 class=\"wp-block-heading\">Conformit\u00e9 au REACH<\/h3>\n\n\n<div class=\"wp-block-image\">\n<figure class=\"alignright size-large\"><img loading=\"lazy\" decoding=\"async\" width=\"130\" height=\"200\" src=\"https:\/\/repasupplies.com\/wp-content\/uploads\/2020\/06\/reach.jpg\" alt=\"\" class=\"wp-image-4022\"\/><\/figure>\n<\/div>\n\n\n<p>REACH est l\u2019acronyme pour enregistrement, \u00e9valuation, autorisation et limitation des substances chimiques. Ce r\u00e8glement de l\u2019Union europ\u00e9enne a pour objectif de mieux prot\u00e9ger la sant\u00e9 humaine et l\u2019environnement en identifiant plus rapidement et plus efficacement les propri\u00e9t\u00e9s intrins\u00e8ques des substances chimiques.<\/p>\n\n\n\n<p>REACH promeut \u00e9galement l\u2019am\u00e9lioration de la comp\u00e9titivit\u00e9 et le pouvoir d\u2019innovation de l\u2019industrie chimique dans l\u2019UE. REACH s\u2019applique \u00e0 toutes les substances et produits chimiques produits ou import\u00e9s dans l\u2019UE.<\/p>\n\n\n\n<hr class=\"wp-block-separator has-css-opacity\"\/>\n\n\n\n<h3 class=\"wp-block-heading\">Conformit\u00e9 au RoHS<\/h3>\n\n\n<div class=\"wp-block-image\">\n<figure class=\"alignleft size-large\"><img loading=\"lazy\" decoding=\"async\" width=\"197\" height=\"198\" src=\"https:\/\/repasupplies.com\/wp-content\/uploads\/2020\/06\/rohs.jpg\" alt=\"\" class=\"wp-image-4023\" srcset=\"https:\/\/repasupplies.com\/wp-content\/uploads\/2020\/06\/rohs.jpg 197w, https:\/\/repasupplies.com\/wp-content\/uploads\/2020\/06\/rohs-150x150.jpg 150w\" sizes=\"auto, (max-width: 197px) 100vw, 197px\" \/><\/figure>\n<\/div>\n\n\n<p>La directive RoHS (Restriction of Hazardous Substances), en vigueur dans tous les \u00e9tats membres de l\u2019Union europ\u00e9enne, vise \u00e0 limiter l\u2019utilisation de certaines substances dangereuses dans les \u00e9quipements \u00e9lectriques et \u00e9lectroniques. Il s\u2019agit en particulier des six substances suivantes&nbsp;: mercure, chrome, plomb, cadmium, les polybromobiph\u00e9nyles et les polybromodiph\u00e9nyl\u00e9thers.<\/p>\n\n\n\n<hr class=\"wp-block-separator has-css-opacity\"\/>\n\n\n\n<h3 class=\"wp-block-heading\">HAP<\/h3>\n\n\n<div class=\"wp-block-image\">\n<figure class=\"alignright size-large\"><img loading=\"lazy\" decoding=\"async\" width=\"300\" height=\"200\" src=\"https:\/\/repasupplies.com\/wp-content\/uploads\/2020\/06\/pahs.jpg\" alt=\"\" class=\"wp-image-4024\"\/><\/figure>\n<\/div>\n\n\n<p>Les HAP, ou hydrocarbures aromatiques polycycliques, sont canc\u00e9rig\u00e8nes et g\u00e9n\u00e9ralement nocifs pour la sant\u00e9. Ces substances sont pr\u00e9sentes dans diff\u00e9rents mat\u00e9riaux tels que le bois, les denr\u00e9es alimentaires et le tabac. Les secteurs travaillant avec ces mat\u00e9riaux, doivent tout faire pour pr\u00e9venir l\u2019\u00e9mission des HAP.<\/p>\n\n\n\n<p>La l\u00e9gislation relative aux HAP fait en sorte que tous les produits r\u00e9pondent aux exigences l\u00e9gales en mati\u00e8re de polluants.<\/p>\n","protected":false},"excerpt":{"rendered":"<p>Pour des raisons de s\u00e9curit\u00e9 et pour garantir le niveau de qualit\u00e9, il est bon de savoir que nous sommes suffisamment certifi\u00e9s. Depuis 1998, REPA dispose des certificats suivants: VCA La liste de contr\u00f4le S\u00e9curit\u00e9, Sant\u00e9 et Environnement (SSE) des entreprises contractantes, autrement dit la VCA, porte sur la gestion directe de la s\u00e9curit\u00e9 des [&hellip;]<\/p>\n","protected":false},"author":1,"featured_media":0,"parent":0,"menu_order":0,"comment_status":"closed","ping_status":"closed","template":"","meta":{"_acf_changed":false,"footnotes":""},"class_list":["post-4016","page","type-page","status-publish","hentry"],"acf":[],"_links":{"self":[{"href":"https:\/\/repasupplies.com\/fr\/wp-json\/wp\/v2\/pages\/4016","targetHints":{"allow":["GET"]}}],"collection":[{"href":"https:\/\/repasupplies.com\/fr\/wp-json\/wp\/v2\/pages"}],"about":[{"href":"https:\/\/repasupplies.com\/fr\/wp-json\/wp\/v2\/types\/page"}],"author":[{"embeddable":true,"href":"https:\/\/repasupplies.com\/fr\/wp-json\/wp\/v2\/users\/1"}],"replies":[{"embeddable":true,"href":"https:\/\/repasupplies.com\/fr\/wp-json\/wp\/v2\/comments?post=4016"}],"version-history":[{"count":5,"href":"https:\/\/repasupplies.com\/fr\/wp-json\/wp\/v2\/pages\/4016\/revisions"}],"predecessor-version":[{"id":5474,"href":"https:\/\/repasupplies.com\/fr\/wp-json\/wp\/v2\/pages\/4016\/revisions\/5474"}],"wp:attachment":[{"href":"https:\/\/repasupplies.com\/fr\/wp-json\/wp\/v2\/media?parent=4016"}],"curies":[{"name":"wp","href":"https:\/\/api.w.org\/{rel}","templated":true}]}}