{"id":4040,"date":"2021-05-04T14:14:33","date_gmt":"2021-05-04T14:14:33","guid":{"rendered":"https:\/\/repasupplies.com\/?page_id=4040"},"modified":"2021-05-04T14:15:14","modified_gmt":"2021-05-04T14:15:14","slug":"emplois-vacants","status":"publish","type":"page","link":"https:\/\/repasupplies.com\/fr\/emplois-vacants\/","title":{"rendered":"Emplois vacants"},"content":{"rendered":"\n<p>Chez REPA, nous sommes engag\u00e9s et professionnels, nous aidons toujours nos clients de mani\u00e8re optimale avec nos produits de qualit\u00e9. Nous sommes fiers d\u2019\u00eatre le plus grand fournisseur source unique en Europe et faisons notre possible pour rester \u00e0 la hauteur de cette r\u00e9putation. Nous y travaillons depuis plus de 25 ans, avec beaucoup d&rsquo;enthousiasme et d&rsquo;esprit d&rsquo;\u00e9quipe.<\/p>\n\n\n\n<p>Vous vous reconnaissez dans ce profil et vous \u00eates impatient de rejoindre l\u2019\u00e9quipe REPA? Vous souhaitez venir renforcer notre \u00e9quipe avec votre enthousiasme et vos connaissances? Consultez vite les emplois vacants ci-dessous r\u00e9pondant \u00e0 vos qualifications et r\u00e9agissez!<\/p>\n\n\n\n<p>Pour l\u2019instant, il n\u2019y a pas d\u2019emplois vacants &lt;Taal>. Vous voulez quand m\u00eame venir vous pr\u00e9senter\u00a0? Envoyez votre candidature spontan\u00e9e et expliquez pourquoi vous \u00eates la personne que nous recherchons. Nous sommes impatients de vous lire!<\/p>\n","protected":false},"excerpt":{"rendered":"<p>Chez REPA, nous sommes engag\u00e9s et professionnels, nous aidons toujours nos clients de mani\u00e8re optimale avec nos produits de qualit\u00e9. Nous sommes fiers d\u2019\u00eatre le plus grand fournisseur source unique en Europe et faisons notre possible pour rester \u00e0 la hauteur de cette r\u00e9putation. Nous y travaillons depuis plus de 25 ans, avec beaucoup d&rsquo;enthousiasme [&hellip;]<\/p>\n","protected":false},"author":1,"featured_media":0,"parent":0,"menu_order":0,"comment_status":"closed","ping_status":"closed","template":"templates\/template-Vacancies.php","meta":{"_acf_changed":false,"footnotes":""},"class_list":["post-4040","page","type-page","status-publish","hentry"],"acf":[],"_links":{"self":[{"href":"https:\/\/repasupplies.com\/fr\/wp-json\/wp\/v2\/pages\/4040","targetHints":{"allow":["GET"]}}],"collection":[{"href":"https:\/\/repasupplies.com\/fr\/wp-json\/wp\/v2\/pages"}],"about":[{"href":"https:\/\/repasupplies.com\/fr\/wp-json\/wp\/v2\/types\/page"}],"author":[{"embeddable":true,"href":"https:\/\/repasupplies.com\/fr\/wp-json\/wp\/v2\/users\/1"}],"replies":[{"embeddable":true,"href":"https:\/\/repasupplies.com\/fr\/wp-json\/wp\/v2\/comments?post=4040"}],"version-history":[{"count":2,"href":"https:\/\/repasupplies.com\/fr\/wp-json\/wp\/v2\/pages\/4040\/revisions"}],"predecessor-version":[{"id":4043,"href":"https:\/\/repasupplies.com\/fr\/wp-json\/wp\/v2\/pages\/4040\/revisions\/4043"}],"wp:attachment":[{"href":"https:\/\/repasupplies.com\/fr\/wp-json\/wp\/v2\/media?parent=4040"}],"curies":[{"name":"wp","href":"https:\/\/api.w.org\/{rel}","templated":true}]}}