{"id":4044,"date":"2021-05-04T14:16:30","date_gmt":"2021-05-04T14:16:30","guid":{"rendered":"https:\/\/repasupplies.com\/?page_id=4044"},"modified":"2021-05-05T15:02:56","modified_gmt":"2021-05-05T15:02:56","slug":"qui-sommes-nous","status":"publish","type":"page","link":"https:\/\/repasupplies.com\/fr\/qui-sommes-nous\/","title":{"rendered":"Qui sommes-nous ?"},"content":{"rendered":"\n<p>Quel que soit le secteur dans lequel vous \u00eates actifs, que vous soyez vulcanisateur ou professionnel dans les bandes transporteuses, REPA Supplies vous propose le produit parfait! En tant que plus grand et plus complet fournisseur source unique en Europe, nous pouvons vous offrir une gamme infinie de mat\u00e9riaux et de solutions pour l\u2019industrie l\u00e9g\u00e8re, moyenne ou lourde.<\/p>\n\n\n\n<p>REPA Supplies fait partie du groupe REPA qui a d\u00e9j\u00e0 plus de 25 ans d\u2019exp\u00e9rience dans le secteur des bandes transporteuses et dont REPA bandes transporteuses est le d\u00e9partement le plus ancien et le plus connu. Tous ceux d\u2019entre vous qui sont d\u00e9j\u00e0 entr\u00e9s en contact avec REPA savent que la satisfaction du client est tr\u00e8s importante pour nous. Nous la maintenons en nous focalisant sur trois piliers : la livraison rapide, la qualit\u00e9 et le prix.<\/p>\n\n\n\n<p>Pour ce faire, nous avons besoin d\u2019un vaste stock de bandes transporteuses en caoutchouc et en plastique, et de tous les composants s\u2019y rapportant. Cette gamme tr\u00e8s vaste, en combinaison avec notre flexibilit\u00e9, nous permet aussi de livrer directement \u00e0 nos clients.<\/p>\n\n\n\n<p>Nos produits sont d\u2019une qualit\u00e9 excellente. Nous testons et contr\u00f4lons dans notre propre laboratoire entre autres valeurs, la r\u00e9sistance \u00e0 l&rsquo;usure et la force de traction. En outre, depuis 1998, nous avons les certificats ISO\/9001 et VCA, nous sommes conformes aux directives REACH, RoHS et HAP et notre personnel est tr\u00e8s qualifi\u00e9.<\/p>\n\n\n\n<p>Cet engagement s\u2019\u00e9tend loin hors de nos fronti\u00e8res. Nous avons des repr\u00e9sentants REPA en Asie qui v\u00e9rifient que nos produits et laboratoires en Asie r\u00e9pondent \u00e0 toutes nos exigences. Nous avons \u00e9galement une \u00e9quipe d\u2019ing\u00e9nieurs qui visitent en permanence nos diff\u00e9rents sites pour y assister au d\u00e9veloppement, \u00e0 l\u2019optimalisation et au contr\u00f4le de nos produits.<\/p>\n\n\n\n<p>Sur notre site, vous trouverez un aper\u00e7u de tous les produits en stock chez REPA, des bandes transporteuses aux stations en auge et des mat\u00e9riaux de rev\u00eatement aux <a href=\"http:\/\/www.beltquip.nl\" target=\"_blank\" rel=\"noreferrer noopener\"><u>presses \u00e0 vulcaniser<\/u><\/a>.<\/p>\n\n\n\n<p>\u00c0 tout moment, vous pouvez nous contacter pour nous soumettre vos souhaits ou encore demander conseil ou un avis technique. REPA Supplies est un partenaire totalement ind\u00e9pendant. Ainsi, nous pouvons garantir que nous agissons toujours dans votre int\u00e9r\u00eat, que nous r\u00e9fl\u00e9chissons avec vous et aboutissons \u00e0 la meilleure solution sur mesure.<\/p>\n","protected":false},"excerpt":{"rendered":"<p>Quel que soit le secteur dans lequel vous \u00eates actifs, que vous soyez vulcanisateur ou professionnel dans les bandes transporteuses, REPA Supplies vous propose le produit parfait! En tant que plus grand et plus complet fournisseur source unique en Europe, nous pouvons vous offrir une gamme infinie de mat\u00e9riaux et de solutions pour l\u2019industrie l\u00e9g\u00e8re, [&hellip;]<\/p>\n","protected":false},"author":1,"featured_media":3910,"parent":0,"menu_order":0,"comment_status":"closed","ping_status":"closed","template":"","meta":{"_acf_changed":false,"footnotes":""},"class_list":["post-4044","page","type-page","status-publish","has-post-thumbnail","hentry"],"acf":[],"_links":{"self":[{"href":"https:\/\/repasupplies.com\/fr\/wp-json\/wp\/v2\/pages\/4044","targetHints":{"allow":["GET"]}}],"collection":[{"href":"https:\/\/repasupplies.com\/fr\/wp-json\/wp\/v2\/pages"}],"about":[{"href":"https:\/\/repasupplies.com\/fr\/wp-json\/wp\/v2\/types\/page"}],"author":[{"embeddable":true,"href":"https:\/\/repasupplies.com\/fr\/wp-json\/wp\/v2\/users\/1"}],"replies":[{"embeddable":true,"href":"https:\/\/repasupplies.com\/fr\/wp-json\/wp\/v2\/comments?post=4044"}],"version-history":[{"count":3,"href":"https:\/\/repasupplies.com\/fr\/wp-json\/wp\/v2\/pages\/4044\/revisions"}],"predecessor-version":[{"id":4421,"href":"https:\/\/repasupplies.com\/fr\/wp-json\/wp\/v2\/pages\/4044\/revisions\/4421"}],"wp:featuredmedia":[{"embeddable":true,"href":"https:\/\/repasupplies.com\/fr\/wp-json\/wp\/v2\/media\/3910"}],"wp:attachment":[{"href":"https:\/\/repasupplies.com\/fr\/wp-json\/wp\/v2\/media?parent=4044"}],"curies":[{"name":"wp","href":"https:\/\/api.w.org\/{rel}","templated":true}]}}