{"id":4048,"date":"2021-05-04T14:20:10","date_gmt":"2021-05-04T14:20:10","guid":{"rendered":"https:\/\/repasupplies.com\/?page_id=4048"},"modified":"2021-05-04T14:33:59","modified_gmt":"2021-05-04T14:33:59","slug":"bords-ondules","status":"publish","type":"page","link":"https:\/\/repasupplies.com\/fr\/bords-ondules\/","title":{"rendered":"Bords ondul\u00e9s"},"content":{"rendered":"\n<p>Les bords ondul\u00e9s sont un accessoire id\u00e9al, pour ne pas dire indispensable, sur une installation de bandes transporteuses. En effet, les produits, en g\u00e9n\u00e9ral des produits en vrac, peuvent alors \u00eatre transport\u00e9s sur des bandes avec une inclinaison beaucoup plus importante. En outre, les bords ondul\u00e9s, en particulier s\u2019ils sont combin\u00e9s avec des tasseaux, peuvent nettement augmenter la capacit\u00e9, sans ajout de bande ou d\u2019installation suppl\u00e9mentaire.<\/p>\n","protected":false},"excerpt":{"rendered":"<p>Les bords ondul\u00e9s sont un accessoire id\u00e9al, pour ne pas dire indispensable, sur une installation de bandes transporteuses. En effet, les produits, en g\u00e9n\u00e9ral des produits en vrac, peuvent alors \u00eatre transport\u00e9s sur des bandes avec une inclinaison beaucoup plus importante. En outre, les bords ondul\u00e9s, en particulier s\u2019ils sont combin\u00e9s avec des tasseaux, peuvent [&hellip;]<\/p>\n","protected":false},"author":1,"featured_media":0,"parent":0,"menu_order":0,"comment_status":"closed","ping_status":"closed","template":"templates\/template-product.php","meta":{"_acf_changed":false,"footnotes":""},"class_list":["post-4048","page","type-page","status-publish","hentry"],"acf":[],"_links":{"self":[{"href":"https:\/\/repasupplies.com\/fr\/wp-json\/wp\/v2\/pages\/4048","targetHints":{"allow":["GET"]}}],"collection":[{"href":"https:\/\/repasupplies.com\/fr\/wp-json\/wp\/v2\/pages"}],"about":[{"href":"https:\/\/repasupplies.com\/fr\/wp-json\/wp\/v2\/types\/page"}],"author":[{"embeddable":true,"href":"https:\/\/repasupplies.com\/fr\/wp-json\/wp\/v2\/users\/1"}],"replies":[{"embeddable":true,"href":"https:\/\/repasupplies.com\/fr\/wp-json\/wp\/v2\/comments?post=4048"}],"version-history":[{"count":5,"href":"https:\/\/repasupplies.com\/fr\/wp-json\/wp\/v2\/pages\/4048\/revisions"}],"predecessor-version":[{"id":4082,"href":"https:\/\/repasupplies.com\/fr\/wp-json\/wp\/v2\/pages\/4048\/revisions\/4082"}],"wp:attachment":[{"href":"https:\/\/repasupplies.com\/fr\/wp-json\/wp\/v2\/media?parent=4048"}],"curies":[{"name":"wp","href":"https:\/\/api.w.org\/{rel}","templated":true}]}}