{"id":4066,"date":"2021-05-04T14:28:04","date_gmt":"2021-05-04T14:28:04","guid":{"rendered":"https:\/\/repasupplies.com\/?page_id=4066"},"modified":"2021-05-05T14:43:08","modified_gmt":"2021-05-05T14:43:08","slug":"tasseaux","status":"publish","type":"page","link":"https:\/\/repasupplies.com\/fr\/tasseaux\/","title":{"rendered":"Tasseaux"},"content":{"rendered":"\n<p>Si votre client d\u00e9sire transporter ses produits selon une inclinaison d\u00e9termin\u00e9e, les tasseaux sont g\u00e9n\u00e9ralement un composant indispensable. Ils emp\u00eachent les produits de glisser de la bande. Standard, les tasseaux sont mont\u00e9s \u00e0 la verticale sur la bande transporteuse, mais afin de transporter les produits sur une bande fortement inclin\u00e9e, ils peuvent \u00e9galement \u00eatre mont\u00e9s selon un angle fix\u00e9 entre plus ou moins 60 et 80 degr\u00e9s. Les tasseaux sont livrables en PVC et en PU ainsi qu\u2019en diverses couleurs, dont le blanc, le bleu et le vert. Plusieurs variantes sont r\u00e9sistantes aux huiles et aux graisses et approuv\u00e9es par la FDA (Agence am\u00e9ricaine des produits alimentaires et m\u00e9dicamenteux).<\/p>\n\n\n\n<p>REPA livre les tasseaux s\u00e9par\u00e9ment afin que vous puissiez les monter sur des bandes existantes mais \u00e9galement, le cas \u00e9ch\u00e9ant, d\u00e9j\u00e0 mont\u00e9s sur la bande transporteuse.<\/p>\n","protected":false},"excerpt":{"rendered":"<p>Si votre client d\u00e9sire transporter ses produits selon une inclinaison d\u00e9termin\u00e9e, les tasseaux sont g\u00e9n\u00e9ralement un composant indispensable. Ils emp\u00eachent les produits de glisser de la bande. Standard, les tasseaux sont mont\u00e9s \u00e0 la verticale sur la bande transporteuse, mais afin de transporter les produits sur une bande fortement inclin\u00e9e, ils peuvent \u00e9galement \u00eatre mont\u00e9s [&hellip;]<\/p>\n","protected":false},"author":1,"featured_media":0,"parent":0,"menu_order":0,"comment_status":"closed","ping_status":"closed","template":"templates\/template-product.php","meta":{"_acf_changed":false,"footnotes":""},"class_list":["post-4066","page","type-page","status-publish","hentry"],"acf":[],"_links":{"self":[{"href":"https:\/\/repasupplies.com\/fr\/wp-json\/wp\/v2\/pages\/4066","targetHints":{"allow":["GET"]}}],"collection":[{"href":"https:\/\/repasupplies.com\/fr\/wp-json\/wp\/v2\/pages"}],"about":[{"href":"https:\/\/repasupplies.com\/fr\/wp-json\/wp\/v2\/types\/page"}],"author":[{"embeddable":true,"href":"https:\/\/repasupplies.com\/fr\/wp-json\/wp\/v2\/users\/1"}],"replies":[{"embeddable":true,"href":"https:\/\/repasupplies.com\/fr\/wp-json\/wp\/v2\/comments?post=4066"}],"version-history":[{"count":5,"href":"https:\/\/repasupplies.com\/fr\/wp-json\/wp\/v2\/pages\/4066\/revisions"}],"predecessor-version":[{"id":4412,"href":"https:\/\/repasupplies.com\/fr\/wp-json\/wp\/v2\/pages\/4066\/revisions\/4412"}],"wp:attachment":[{"href":"https:\/\/repasupplies.com\/fr\/wp-json\/wp\/v2\/media?parent=4066"}],"curies":[{"name":"wp","href":"https:\/\/api.w.org\/{rel}","templated":true}]}}