{"id":4084,"date":"2021-05-04T14:39:35","date_gmt":"2021-05-04T14:39:35","guid":{"rendered":"https:\/\/repasupplies.com\/?page_id=4084"},"modified":"2021-05-05T14:47:31","modified_gmt":"2021-05-05T14:47:31","slug":"profils-de-guidage","status":"publish","type":"page","link":"https:\/\/repasupplies.com\/fr\/profils-de-guidage\/","title":{"rendered":"Profils de guidage"},"content":{"rendered":"\n<p>REPA Supplies propose un grand assortiment de profils de guidage en PVC et en PU pour bandes transporteuses en plastique. Les profils de guidage garantissent un transport stable et souple des produits sur la bande. Il y a plusieurs raisons pour lesquelles le transport sur la bande peut pr\u00e9senter des rat\u00e9s, &nbsp;entre autres une&nbsp;charge irr\u00e9guli\u00e8re, des encrassements, des diff\u00e9rences de hauteur ou de temp\u00e9rature. Les profils de guidages peuvent \u00e9galement servir de tasseau, pour \u00e9viter que certains produits ne glissent de la bande. Nous avons des profils de guidage de diff\u00e9rents types, couleurs et tailles. Ils peuvent par exemple&nbsp;\u00eatre trap\u00e9zo\u00efdaux ou rectangulaires ou en dents de scie, ou encore blancs, verts, noirs et bleus. Les profils de guidage peuvent \u00eatre utilis\u00e9s tant dans l\u2019industrie alimentaire que dans l\u2019industrie non alimentaire.<\/p>\n","protected":false},"excerpt":{"rendered":"<p>REPA Supplies propose un grand assortiment de profils de guidage en PVC et en PU pour bandes transporteuses en plastique. Les profils de guidage garantissent un transport stable et souple des produits sur la bande. Il y a plusieurs raisons pour lesquelles le transport sur la bande peut pr\u00e9senter des rat\u00e9s, &nbsp;entre autres une&nbsp;charge irr\u00e9guli\u00e8re, [&hellip;]<\/p>\n","protected":false},"author":1,"featured_media":0,"parent":0,"menu_order":0,"comment_status":"closed","ping_status":"closed","template":"templates\/template-product.php","meta":{"_acf_changed":false,"footnotes":""},"class_list":["post-4084","page","type-page","status-publish","hentry"],"acf":[],"_links":{"self":[{"href":"https:\/\/repasupplies.com\/fr\/wp-json\/wp\/v2\/pages\/4084","targetHints":{"allow":["GET"]}}],"collection":[{"href":"https:\/\/repasupplies.com\/fr\/wp-json\/wp\/v2\/pages"}],"about":[{"href":"https:\/\/repasupplies.com\/fr\/wp-json\/wp\/v2\/types\/page"}],"author":[{"embeddable":true,"href":"https:\/\/repasupplies.com\/fr\/wp-json\/wp\/v2\/users\/1"}],"replies":[{"embeddable":true,"href":"https:\/\/repasupplies.com\/fr\/wp-json\/wp\/v2\/comments?post=4084"}],"version-history":[{"count":5,"href":"https:\/\/repasupplies.com\/fr\/wp-json\/wp\/v2\/pages\/4084\/revisions"}],"predecessor-version":[{"id":4414,"href":"https:\/\/repasupplies.com\/fr\/wp-json\/wp\/v2\/pages\/4084\/revisions\/4414"}],"wp:attachment":[{"href":"https:\/\/repasupplies.com\/fr\/wp-json\/wp\/v2\/media?parent=4084"}],"curies":[{"name":"wp","href":"https:\/\/api.w.org\/{rel}","templated":true}]}}