{"id":4098,"date":"2021-05-04T15:01:18","date_gmt":"2021-05-04T15:01:18","guid":{"rendered":"https:\/\/repasupplies.com\/?page_id=4098"},"modified":"2021-06-29T10:12:19","modified_gmt":"2021-06-29T10:12:19","slug":"polyethylene-pe","status":"publish","type":"page","link":"https:\/\/repasupplies.com\/fr\/polyethylene-pe\/","title":{"rendered":"Polietileno (PE)"},"content":{"rendered":"\n<h3 class=\"wp-block-heading\"><strong>Bandes transporteuses en poly\u00e9thyl\u00e8ne<\/strong> (PE)<\/h3>\n\n\n\n<p>Un de nos types de bandes transporteuses en plastique est fabriqu\u00e9 en poly\u00e9thyl\u00e8ne. Il s\u2019agit d\u2019une forme de polyol\u00e9fine, qui &#8211; du fait de sa nature &#8211; a une tr\u00e8s grande inertie chimique et ne colle pas. Etant donn\u00e9 l\u2019absence de substances nocives dans sa couche de finition, ce mat\u00e9riau est id\u00e9al pour l\u2019industrie du tabac. En outre, le poly\u00e9thyl\u00e8ne r\u00e9pond en r\u00e8gle g\u00e9n\u00e9rale \u00e0 toutes les exigences de la FDA (Agence am\u00e9ricaine des produits alimentaires et m\u00e9dicamenteux) et de l\u2019Union europ\u00e9enne en ce qui concerne le travail responsable avec des produits alimentaires.<\/p>\n\n\n\n<p>REPA peut r\u00e9pondre \u00e0 tous vos besoins \u00e0 la commande de bandes en PE. Les bandes transporteuses en poly\u00e9thyl\u00e8ne peuvent \u00eatre utilis\u00e9es ou livr\u00e9es avec une grande diversit\u00e9 de tasseaux, profils de guidage et bords ondul\u00e9s, \u00e9galement fabriqu\u00e9s en PE.<\/p>\n","protected":false},"excerpt":{"rendered":"<p>Bandes transporteuses en poly\u00e9thyl\u00e8ne (PE) Un de nos types de bandes transporteuses en plastique est fabriqu\u00e9 en poly\u00e9thyl\u00e8ne. Il s\u2019agit d\u2019une forme de polyol\u00e9fine, qui &#8211; du fait de sa nature &#8211; a une tr\u00e8s grande inertie chimique et ne colle pas. Etant donn\u00e9 l\u2019absence de substances nocives dans sa couche de finition, ce mat\u00e9riau [&hellip;]<\/p>\n","protected":false},"author":1,"featured_media":0,"parent":0,"menu_order":0,"comment_status":"closed","ping_status":"closed","template":"templates\/template-product.php","meta":{"_acf_changed":false,"footnotes":""},"class_list":["post-4098","page","type-page","status-publish","hentry"],"acf":[],"_links":{"self":[{"href":"https:\/\/repasupplies.com\/fr\/wp-json\/wp\/v2\/pages\/4098","targetHints":{"allow":["GET"]}}],"collection":[{"href":"https:\/\/repasupplies.com\/fr\/wp-json\/wp\/v2\/pages"}],"about":[{"href":"https:\/\/repasupplies.com\/fr\/wp-json\/wp\/v2\/types\/page"}],"author":[{"embeddable":true,"href":"https:\/\/repasupplies.com\/fr\/wp-json\/wp\/v2\/users\/1"}],"replies":[{"embeddable":true,"href":"https:\/\/repasupplies.com\/fr\/wp-json\/wp\/v2\/comments?post=4098"}],"version-history":[{"count":4,"href":"https:\/\/repasupplies.com\/fr\/wp-json\/wp\/v2\/pages\/4098\/revisions"}],"predecessor-version":[{"id":4478,"href":"https:\/\/repasupplies.com\/fr\/wp-json\/wp\/v2\/pages\/4098\/revisions\/4478"}],"wp:attachment":[{"href":"https:\/\/repasupplies.com\/fr\/wp-json\/wp\/v2\/media?parent=4098"}],"curies":[{"name":"wp","href":"https:\/\/api.w.org\/{rel}","templated":true}]}}