{"id":4110,"date":"2021-05-04T15:04:39","date_gmt":"2021-05-04T15:04:39","guid":{"rendered":"https:\/\/repasupplies.com\/?page_id=4110"},"modified":"2021-06-29T10:14:28","modified_gmt":"2021-06-29T10:14:28","slug":"polyurethane-pu","status":"publish","type":"page","link":"https:\/\/repasupplies.com\/fr\/polyurethane-pu\/","title":{"rendered":"Poliuretano (PU)"},"content":{"rendered":"\n<h3 class=\"wp-block-heading\"><strong>Bandes transporteuses en polyur\u00e9thane<\/strong> (PU) <\/h3>\n\n\n\n<p>Nos bandes transporteuses en polyur\u00e9thane sont standards extr\u00eamement r\u00e9sistantes aux graisses, aux huiles et aux substances chimiques. Elles sont \u00e9galement tr\u00e8s robustes et flexibles, et elles r\u00e9pondent \u00e0 toutes les exigences officielles de la FDA, de l\u2019ARMPC et de l\u2019Union europ\u00e9enne. En outre, REPA y incorpore tous les souhaits compl\u00e9mentaires sp\u00e9cifiques que vous pourriez avoir.<\/p>\n\n\n\n<p>L\u2019industrie alimentaire, o\u00f9 les bandes en PU sont utilis\u00e9es \u00e0 grande \u00e9chelle, fait face \u00e0 des normes de plus en plus strictes, auxquelles nous, en tant que fournisseur source unique de bandes transporteuses et produits connexes, satisfaisons pleinement. REPA est un fournisseur du secteur alimentaire depuis plus de 25 ans et a donc une gamme tr\u00e8s d\u00e9velopp\u00e9e de bandes transporteuses antibact\u00e9riennes de diff\u00e9rents types. Nous avons, entre autres, des bandes en PU sp\u00e9cifiques pour les boulangeries.<\/p>\n","protected":false},"excerpt":{"rendered":"<p>Bandes transporteuses en polyur\u00e9thane (PU) Nos bandes transporteuses en polyur\u00e9thane sont standards extr\u00eamement r\u00e9sistantes aux graisses, aux huiles et aux substances chimiques. Elles sont \u00e9galement tr\u00e8s robustes et flexibles, et elles r\u00e9pondent \u00e0 toutes les exigences officielles de la FDA, de l\u2019ARMPC et de l\u2019Union europ\u00e9enne. En outre, REPA y incorpore tous les souhaits compl\u00e9mentaires [&hellip;]<\/p>\n","protected":false},"author":1,"featured_media":0,"parent":0,"menu_order":0,"comment_status":"closed","ping_status":"closed","template":"templates\/template-product.php","meta":{"_acf_changed":false,"footnotes":""},"class_list":["post-4110","page","type-page","status-publish","hentry"],"acf":[],"_links":{"self":[{"href":"https:\/\/repasupplies.com\/fr\/wp-json\/wp\/v2\/pages\/4110","targetHints":{"allow":["GET"]}}],"collection":[{"href":"https:\/\/repasupplies.com\/fr\/wp-json\/wp\/v2\/pages"}],"about":[{"href":"https:\/\/repasupplies.com\/fr\/wp-json\/wp\/v2\/types\/page"}],"author":[{"embeddable":true,"href":"https:\/\/repasupplies.com\/fr\/wp-json\/wp\/v2\/users\/1"}],"replies":[{"embeddable":true,"href":"https:\/\/repasupplies.com\/fr\/wp-json\/wp\/v2\/comments?post=4110"}],"version-history":[{"count":4,"href":"https:\/\/repasupplies.com\/fr\/wp-json\/wp\/v2\/pages\/4110\/revisions"}],"predecessor-version":[{"id":4481,"href":"https:\/\/repasupplies.com\/fr\/wp-json\/wp\/v2\/pages\/4110\/revisions\/4481"}],"wp:attachment":[{"href":"https:\/\/repasupplies.com\/fr\/wp-json\/wp\/v2\/media?parent=4110"}],"curies":[{"name":"wp","href":"https:\/\/api.w.org\/{rel}","templated":true}]}}