{"id":4125,"date":"2021-05-04T15:11:59","date_gmt":"2021-05-04T15:11:59","guid":{"rendered":"https:\/\/repasupplies.com\/?page_id=4125"},"modified":"2021-05-05T14:54:04","modified_gmt":"2021-05-05T14:54:04","slug":"pvc","status":"publish","type":"page","link":"https:\/\/repasupplies.com\/fr\/pvc\/","title":{"rendered":"PVC"},"content":{"rendered":"\n<h3 class=\"wp-block-heading\">Bandes transporteuses en PVC<\/h3>\n\n\n\n<p>Une bande tr\u00e8s courante dans le monde des bandes transporteuses est la bande en PVC. Les bandes transporteuses en PVC sont flexibles, robustes, stables et faciles d\u2019entretien. Souvent, la bande en PVC est le choix le plus avantageux. En effet, lorsque la bande transporteuse ne doit pas r\u00e9pondre \u00e0 des exigences sp\u00e9cifiques, la bande standard avec un rev\u00eatement en PVC et un prix comp\u00e9titif est une solution id\u00e9ale. Mais elle existe bien s\u00fbr aussi en d&rsquo;autres versions.<\/p>\n\n\n\n<p>REPA peut livrer un grand nombre de bandes en PVC diff\u00e9rentes, telles que les bandes r\u00e9sistantes aux huiles, aux graisses et aux acides; les bandes profil\u00e9es ou lisses; les bandes r\u00e9sistantes \u00e0 l\u2019usure; les bandes \u00e9quip\u00e9es de tasseaux, de bords ondul\u00e9s, de bords de contenance ou de profils de guidage; et les bandes autoextinguibles.<\/p>\n\n\n\n<p>Les bandes en PVC sont utilis\u00e9es dans diff\u00e9rents secteurs, tels que les secteurs agricole et horticole, l\u2019industrie alimentaire, l\u2019industrie chimique ou encore dans les a\u00e9roports et le secteur des transports.<\/p>\n\n\n\n<p>Nos bandes en PVC r\u00e9pondent aux exigences en vigueur dans le secteur concern\u00e9; par exemple aux exigences impos\u00e9es par la FDA (Agence am\u00e9ricaine des produits alimentaires et m\u00e9dicamenteux) et l\u2019Union europ\u00e9enne en ce qui concerne la manipulation d\u2019aliments, ou aux normes ISO 340 en ce qui concerne les produits autoextinguibles.<\/p>\n","protected":false},"excerpt":{"rendered":"<p>Bandes transporteuses en PVC Une bande tr\u00e8s courante dans le monde des bandes transporteuses est la bande en PVC. Les bandes transporteuses en PVC sont flexibles, robustes, stables et faciles d\u2019entretien. Souvent, la bande en PVC est le choix le plus avantageux. En effet, lorsque la bande transporteuse ne doit pas r\u00e9pondre \u00e0 des exigences [&hellip;]<\/p>\n","protected":false},"author":1,"featured_media":0,"parent":0,"menu_order":0,"comment_status":"closed","ping_status":"closed","template":"templates\/template-product.php","meta":{"_acf_changed":false,"footnotes":""},"class_list":["post-4125","page","type-page","status-publish","hentry"],"acf":[],"_links":{"self":[{"href":"https:\/\/repasupplies.com\/fr\/wp-json\/wp\/v2\/pages\/4125","targetHints":{"allow":["GET"]}}],"collection":[{"href":"https:\/\/repasupplies.com\/fr\/wp-json\/wp\/v2\/pages"}],"about":[{"href":"https:\/\/repasupplies.com\/fr\/wp-json\/wp\/v2\/types\/page"}],"author":[{"embeddable":true,"href":"https:\/\/repasupplies.com\/fr\/wp-json\/wp\/v2\/users\/1"}],"replies":[{"embeddable":true,"href":"https:\/\/repasupplies.com\/fr\/wp-json\/wp\/v2\/comments?post=4125"}],"version-history":[{"count":4,"href":"https:\/\/repasupplies.com\/fr\/wp-json\/wp\/v2\/pages\/4125\/revisions"}],"predecessor-version":[{"id":4417,"href":"https:\/\/repasupplies.com\/fr\/wp-json\/wp\/v2\/pages\/4125\/revisions\/4417"}],"wp:attachment":[{"href":"https:\/\/repasupplies.com\/fr\/wp-json\/wp\/v2\/media?parent=4125"}],"curies":[{"name":"wp","href":"https:\/\/api.w.org\/{rel}","templated":true}]}}