{"id":4142,"date":"2021-05-04T15:15:49","date_gmt":"2021-05-04T15:15:49","guid":{"rendered":"https:\/\/repasupplies.com\/?page_id=4142"},"modified":"2021-05-05T14:57:22","modified_gmt":"2021-05-05T14:57:22","slug":"bandes-a-maillons","status":"publish","type":"page","link":"https:\/\/repasupplies.com\/fr\/bandes-a-maillons\/","title":{"rendered":"Bandes \u00e0 maillons"},"content":{"rendered":"\n<p>REPA a un vaste assortiment de bandes transporteuses en mati\u00e8res plastiques. Les bandes \u00e0 maillons en font absolument partie. Ces bandes sont incroyablement polyvalentes. Elles sont con\u00e7ues sur mesure, en fonction des exigences de votre client. REPA dispose d\u2019une bande \u00e0 maillons adapt\u00e9e \u00e0 presque toutes les applications.<\/p>\n\n\n\n<p>Les bandes \u00e0 maillons sont utilis\u00e9es dans toute l&rsquo;industrie alimentaire, tout particuli\u00e8rement parce qu\u2019elles sont hygi\u00e9niques et faciles \u00e0 nettoyer. Elles sont par exemple incontournables dans l\u2019industrie de transformation des fruits et l\u00e9gumes et vous les trouverez tr\u00e8s souvent dans les p\u00e9pini\u00e8res et les boulangeries.<\/p>\n\n\n\n<p>Les bandes \u00e0 maillons se composent de maillons en plastique reli\u00e9s entre eux par des \u00a0\u2018\u2019tiges\u2019\u2019. La bande peut \u00eatre enti\u00e8rement con\u00e7ue selon vos souhaits, avec des pi\u00e8ces droites et courbes, des spirales, diff\u00e9rents types et formes de maillons. Du fait de la conception sp\u00e9cifique de la bande, il y a peu de friction avec les mat\u00e9riaux transport\u00e9s, ce qui en fait des bandes id\u00e9ales pour pousser ou changer la direction de produits lourds tels que des caisses et des bo\u00eetes.<\/p>\n","protected":false},"excerpt":{"rendered":"<p>REPA a un vaste assortiment de bandes transporteuses en mati\u00e8res plastiques. Les bandes \u00e0 maillons en font absolument partie. Ces bandes sont incroyablement polyvalentes. Elles sont con\u00e7ues sur mesure, en fonction des exigences de votre client. REPA dispose d\u2019une bande \u00e0 maillons adapt\u00e9e \u00e0 presque toutes les applications. Les bandes \u00e0 maillons sont utilis\u00e9es dans [&hellip;]<\/p>\n","protected":false},"author":1,"featured_media":0,"parent":0,"menu_order":0,"comment_status":"closed","ping_status":"closed","template":"templates\/template-product.php","meta":{"_acf_changed":false,"footnotes":""},"class_list":["post-4142","page","type-page","status-publish","hentry"],"acf":[],"_links":{"self":[{"href":"https:\/\/repasupplies.com\/fr\/wp-json\/wp\/v2\/pages\/4142","targetHints":{"allow":["GET"]}}],"collection":[{"href":"https:\/\/repasupplies.com\/fr\/wp-json\/wp\/v2\/pages"}],"about":[{"href":"https:\/\/repasupplies.com\/fr\/wp-json\/wp\/v2\/types\/page"}],"author":[{"embeddable":true,"href":"https:\/\/repasupplies.com\/fr\/wp-json\/wp\/v2\/users\/1"}],"replies":[{"embeddable":true,"href":"https:\/\/repasupplies.com\/fr\/wp-json\/wp\/v2\/comments?post=4142"}],"version-history":[{"count":4,"href":"https:\/\/repasupplies.com\/fr\/wp-json\/wp\/v2\/pages\/4142\/revisions"}],"predecessor-version":[{"id":4420,"href":"https:\/\/repasupplies.com\/fr\/wp-json\/wp\/v2\/pages\/4142\/revisions\/4420"}],"wp:attachment":[{"href":"https:\/\/repasupplies.com\/fr\/wp-json\/wp\/v2\/media?parent=4142"}],"curies":[{"name":"wp","href":"https:\/\/api.w.org\/{rel}","templated":true}]}}