{"id":4155,"date":"2021-05-04T15:20:07","date_gmt":"2021-05-04T15:20:07","guid":{"rendered":"https:\/\/repasupplies.com\/?page_id=4155"},"modified":"2021-05-05T14:39:24","modified_gmt":"2021-05-05T14:39:24","slug":"lindustrie-legere","status":"publish","type":"page","link":"https:\/\/repasupplies.com\/fr\/lindustrie-legere\/","title":{"rendered":"L\u2019industrie l\u00e9g\u00e8re"},"content":{"rendered":"\n<p>REPA a un vaste assortiment de bandes transporteuses et accessoires en mati\u00e8res plastiques pour l\u2019industrie l\u00e9g\u00e8re. Fait important car quasiment chaque professionnel ou vulcanisateur aura besoin \u00e0 un moment ou \u00e0 un autre d\u2019une certaine forme de plastique \u00e0 la livraison \u00e0 son client. Notre assortiment, nous permet de livrer \u00e0 quasiment tous les secteurs et nous sommes fiers d\u2019\u00eatre parmi les plus grands et les plus complets Fournisseurs source unique en Europe.<\/p>\n\n\n\n<p>Vous pouvez bien s\u00fbr toujours compter sur l\u2019ex\u00e9cution professionnelle, la connaissance et les nombreuses ann\u00e9es d\u2019exp\u00e9rience de REPA. Ainsi, notre service direct et notre approche client sont toujours de haut niveau et tous nos mat\u00e9riaux r\u00e9pondent aux normes de qualit\u00e9 les plus exigeantes. Vous devez savoir qu\u2019\u00e0 tout moment nos clients sont toujours notre pr\u00e9occupation principale. Non seulement votre produit est \u00e0 tout moment de stock, mais nous r\u00e9fl\u00e9chissons en permanence avec vous.<\/p>\n\n\n\n<p>Dans l\u2019industrie l\u00e9g\u00e8re, les bandes transporteuses doivent souvent r\u00e9pondre \u00e0 des propri\u00e9t\u00e9s tr\u00e8s sp\u00e9cifiques. Les produits REPA y sont parfaitement pr\u00e9par\u00e9s.<\/p>\n\n\n\n<p>Les bandes en mati\u00e8res plastiques sont principalement utilis\u00e9es dans les secteurs alimentaires et non alimentaires. Les conditions sanitaires y jouent un r\u00f4le primordial ce qui implique que les bandes doivent \u00e9galement r\u00e9pondre \u00e0 des exigences strictes de propret\u00e9 et de r\u00e9sistance. Pour cette raison, nous livrons des bandes transporteuses avec action antibact\u00e9rienne, r\u00e9sistantes aux huiles et aux graisses et r\u00e9pondant aux normes de l\u2019ARMPC en vigueur.<\/p>\n\n\n\n<p>Quelle que soit l\u2019industrie dans laquelle vous \u00eates actifs, REPA peut vous aider\u00a0pour chaque type de bande transporteuse, d\u2019outil, de composant ou d\u2019accessoire. Nous pensons entre autres \u00e0 l\u2019industrie alimentaire, aux centres de distribution mais aussi aux a\u00e9roports, aux secteurs agricole et horticole ou encore \u00e0 l\u2019industrie du tabac. REPA livre diff\u00e9rentes bandes transporteuses en plastique et des produits pour l\u2019industrie l\u00e9g\u00e8re. Nous distinguons les cat\u00e9gories suivantes:<\/p>\n","protected":false},"excerpt":{"rendered":"<p>REPA a un vaste assortiment de bandes transporteuses et accessoires en mati\u00e8res plastiques pour l\u2019industrie l\u00e9g\u00e8re. Fait important car quasiment chaque professionnel ou vulcanisateur aura besoin \u00e0 un moment ou \u00e0 un autre d\u2019une certaine forme de plastique \u00e0 la livraison \u00e0 son client. Notre assortiment, nous permet de livrer \u00e0 quasiment tous les secteurs [&hellip;]<\/p>\n","protected":false},"author":1,"featured_media":0,"parent":0,"menu_order":0,"comment_status":"closed","ping_status":"closed","template":"templates\/template-industry-light.php","meta":{"_acf_changed":false,"footnotes":""},"class_list":["post-4155","page","type-page","status-publish","hentry"],"acf":[],"_links":{"self":[{"href":"https:\/\/repasupplies.com\/fr\/wp-json\/wp\/v2\/pages\/4155","targetHints":{"allow":["GET"]}}],"collection":[{"href":"https:\/\/repasupplies.com\/fr\/wp-json\/wp\/v2\/pages"}],"about":[{"href":"https:\/\/repasupplies.com\/fr\/wp-json\/wp\/v2\/types\/page"}],"author":[{"embeddable":true,"href":"https:\/\/repasupplies.com\/fr\/wp-json\/wp\/v2\/users\/1"}],"replies":[{"embeddable":true,"href":"https:\/\/repasupplies.com\/fr\/wp-json\/wp\/v2\/comments?post=4155"}],"version-history":[{"count":4,"href":"https:\/\/repasupplies.com\/fr\/wp-json\/wp\/v2\/pages\/4155\/revisions"}],"predecessor-version":[{"id":4411,"href":"https:\/\/repasupplies.com\/fr\/wp-json\/wp\/v2\/pages\/4155\/revisions\/4411"}],"wp:attachment":[{"href":"https:\/\/repasupplies.com\/fr\/wp-json\/wp\/v2\/media?parent=4155"}],"curies":[{"name":"wp","href":"https:\/\/api.w.org\/{rel}","templated":true}]}}