{"id":4171,"date":"2021-05-04T15:29:28","date_gmt":"2021-05-04T15:29:28","guid":{"rendered":"https:\/\/repasupplies.com\/?page_id=4171"},"modified":"2023-03-09T12:08:45","modified_gmt":"2023-03-09T12:08:45","slug":"les-industries-moyennes-et-lourdes","status":"publish","type":"page","link":"https:\/\/repasupplies.com\/fr\/les-industries-moyennes-et-lourdes\/","title":{"rendered":"Les industries moyennes et lourdes"},"content":{"rendered":"\n<p>Pour les industries moyennes et lourdes, REPA propose une large gamme de bandes en caoutchouc, nous avons m\u00eame d\u00e9velopp\u00e9 quelques types de bandes en plastique. Ces bandes doivent souvent r\u00e9pondre \u00e0 des exigences tr\u00e8s sp\u00e9cifiques. Chez REPA, vous trouverez toujours une bande ou un composant avec les propri\u00e9t\u00e9s requises dans votre domaine d\u2019application. En outre, quasiment tout est livrable de stock de sorte que vous pouvez r\u00e9pondre tr\u00e8s rapidement aux besoins de vos clients.<\/p>\n\n\n\n<p>Une bande transporteuse pour l\u2019industrie lourde doit r\u00e9sister \u00e0 l\u2019usure, \u00eatre facile \u00e0 manier et \u00eatre fiable dans des conditions de travail extr\u00eames comme le froid, la &nbsp;chaleur et les charges lourdes. Dans ces conditions, l\u2019utilisateur doit pouvoir compter sur la qualit\u00e9 de la construction et du montage. Heureusement, chaque professionnel et vulcanisateur peut compter sur le professionnalisme et les mat\u00e9riaux de premi\u00e8re qualit\u00e9 fournis par REPA Supplies.<\/p>\n\n\n\n<p>Pour chaque type d\u2019industrie et pour chaque entreprise individuelle, nous avons une solution appropri\u00e9e. Que vous livriez&nbsp;\u00e0 l\u2019industrie cimenti\u00e8re ou mini\u00e8re, \u00e0 l\u2019industrie du papier et du bois, aux ports, aux centrales \u00e9lectriques, aux soci\u00e9t\u00e9s d\u2019excavations, au secteur logistique ou autres, REPA livre les bandes, les mat\u00e9riaux et les composants dont votre groupe cible \u00e0 besoin.<\/p>\n\n\n\n<p>G\u00e9n\u00e9ralement, nous vous proposerons notre gamme tr\u00e8s compl\u00e8te de bandes transporteuses &nbsp;en caoutchouc mais, pour l\u2019industrie lourde, nous avons \u00e9galement d\u00e9velopp\u00e9 quelques types de bandes en plastique. Ces bandes r\u00e9sistent aux huiles et aux graisses, ont de tr\u00e8s bonnes propri\u00e9t\u00e9s diluantes et r\u00e9sistent \u00e0 l\u2019usure. Elles sont par cons\u00e9quent parfaites pour une utilisation, entre autres, dans l\u2019industrie du traitement de l\u2019acier et l\u2019industrie des d\u00e9chets et du recyclage. <\/p>\n\n\n\n<p>REPA livre diff\u00e9rents types de bandes en caoutchouc aux industries moyennes et lourdes. Nous distinguons les cat\u00e9gories principales suivantes:<\/p>\n","protected":false},"excerpt":{"rendered":"<p>Pour les industries moyennes et lourdes, REPA propose une large gamme de bandes en caoutchouc, nous avons m\u00eame d\u00e9velopp\u00e9 quelques types de bandes en plastique. Ces bandes doivent souvent r\u00e9pondre \u00e0 des exigences tr\u00e8s sp\u00e9cifiques. Chez REPA, vous trouverez toujours une bande ou un composant avec les propri\u00e9t\u00e9s requises dans votre domaine d\u2019application. En outre, [&hellip;]<\/p>\n","protected":false},"author":1,"featured_media":0,"parent":0,"menu_order":0,"comment_status":"closed","ping_status":"closed","template":"templates\/template-heavy-industry.php","meta":{"_acf_changed":false,"footnotes":""},"class_list":["post-4171","page","type-page","status-publish","hentry"],"acf":[],"_links":{"self":[{"href":"https:\/\/repasupplies.com\/fr\/wp-json\/wp\/v2\/pages\/4171","targetHints":{"allow":["GET"]}}],"collection":[{"href":"https:\/\/repasupplies.com\/fr\/wp-json\/wp\/v2\/pages"}],"about":[{"href":"https:\/\/repasupplies.com\/fr\/wp-json\/wp\/v2\/types\/page"}],"author":[{"embeddable":true,"href":"https:\/\/repasupplies.com\/fr\/wp-json\/wp\/v2\/users\/1"}],"replies":[{"embeddable":true,"href":"https:\/\/repasupplies.com\/fr\/wp-json\/wp\/v2\/comments?post=4171"}],"version-history":[{"count":5,"href":"https:\/\/repasupplies.com\/fr\/wp-json\/wp\/v2\/pages\/4171\/revisions"}],"predecessor-version":[{"id":5267,"href":"https:\/\/repasupplies.com\/fr\/wp-json\/wp\/v2\/pages\/4171\/revisions\/5267"}],"wp:attachment":[{"href":"https:\/\/repasupplies.com\/fr\/wp-json\/wp\/v2\/media?parent=4171"}],"curies":[{"name":"wp","href":"https:\/\/api.w.org\/{rel}","templated":true}]}}