{"id":4190,"date":"2021-05-04T15:37:38","date_gmt":"2021-05-04T15:37:38","guid":{"rendered":"https:\/\/repasupplies.com\/?page_id=4190"},"modified":"2021-05-04T15:41:04","modified_gmt":"2021-05-04T15:41:04","slug":"materiel-de-garnissage","status":"publish","type":"page","link":"https:\/\/repasupplies.com\/fr\/materiel-de-garnissage\/","title":{"rendered":"Mat\u00e9riel de garnissage"},"content":{"rendered":"\n<p>Diff\u00e9rentes machines et composants de l\u2019installation des bandes transporteuses, tels que les entonnoirs, les tr\u00e9mies, les guides et les points de d\u00e9chargement peuvent \u00eatre \u00e9quip\u00e9s d\u2019un rev\u00eatement protecteur. Ce garnissage diminue l\u2019usure et les pollutions sonores. Les rev\u00eatements en caoutchouc sont g\u00e9n\u00e9ralement r\u00e9sistants \u00e0 l\u2019usure et\/ou aux d\u00e9chirures, ont de bonnes propri\u00e9t\u00e9s amortissantes et isolantes et peuvent supporter un impact important. Le mat\u00e9riau du garnissage est livrable avec ou sans couche adh\u00e9sive et en plusieurs variantes de couleurs.<\/p>\n","protected":false},"excerpt":{"rendered":"<p>Diff\u00e9rentes machines et composants de l\u2019installation des bandes transporteuses, tels que les entonnoirs, les tr\u00e9mies, les guides et les points de d\u00e9chargement peuvent \u00eatre \u00e9quip\u00e9s d\u2019un rev\u00eatement protecteur. Ce garnissage diminue l\u2019usure et les pollutions sonores. Les rev\u00eatements en caoutchouc sont g\u00e9n\u00e9ralement r\u00e9sistants \u00e0 l\u2019usure et\/ou aux d\u00e9chirures, ont de bonnes propri\u00e9t\u00e9s amortissantes et isolantes [&hellip;]<\/p>\n","protected":false},"author":1,"featured_media":0,"parent":0,"menu_order":0,"comment_status":"closed","ping_status":"closed","template":"templates\/template-product.php","meta":{"_acf_changed":false,"footnotes":""},"class_list":["post-4190","page","type-page","status-publish","hentry"],"acf":[],"_links":{"self":[{"href":"https:\/\/repasupplies.com\/fr\/wp-json\/wp\/v2\/pages\/4190","targetHints":{"allow":["GET"]}}],"collection":[{"href":"https:\/\/repasupplies.com\/fr\/wp-json\/wp\/v2\/pages"}],"about":[{"href":"https:\/\/repasupplies.com\/fr\/wp-json\/wp\/v2\/types\/page"}],"author":[{"embeddable":true,"href":"https:\/\/repasupplies.com\/fr\/wp-json\/wp\/v2\/users\/1"}],"replies":[{"embeddable":true,"href":"https:\/\/repasupplies.com\/fr\/wp-json\/wp\/v2\/comments?post=4190"}],"version-history":[{"count":4,"href":"https:\/\/repasupplies.com\/fr\/wp-json\/wp\/v2\/pages\/4190\/revisions"}],"predecessor-version":[{"id":4200,"href":"https:\/\/repasupplies.com\/fr\/wp-json\/wp\/v2\/pages\/4190\/revisions\/4200"}],"wp:attachment":[{"href":"https:\/\/repasupplies.com\/fr\/wp-json\/wp\/v2\/media?parent=4190"}],"curies":[{"name":"wp","href":"https:\/\/api.w.org\/{rel}","templated":true}]}}