{"id":4201,"date":"2021-05-04T15:43:09","date_gmt":"2021-05-04T15:43:09","guid":{"rendered":"https:\/\/repasupplies.com\/?page_id=4201"},"modified":"2021-05-06T06:35:59","modified_gmt":"2021-05-06T06:35:59","slug":"caoutchouc-bords-ondules","status":"publish","type":"page","link":"https:\/\/repasupplies.com\/fr\/caoutchouc-bords-ondules\/","title":{"rendered":"Caoutchouc Bords ondul\u00e9s"},"content":{"rendered":"\n<p>Avec des bords ondul\u00e9s fix\u00e9s aux c\u00f4t\u00e9s lat\u00e9raux de la bande transporteuse, les bandes deviennent plus stables et vos clients peuvent transporter plus de produits par bande. Du fait de leur forme ondul\u00e9e, les bords peuvent \u00eatre tr\u00e8s hauts sans perdre de leur stabilit\u00e9. La capacit\u00e9 peut donc \u00eatre augment\u00e9e. Vos clients peuvent \u00e9galement transporter leurs produits sous une inclinaison plus importante. En combinaison avec des godets, les transports peuvent s\u2019effectuer sous un angle de 90 degr\u00e9s. Les bords ondul\u00e9s peuvent \u00eatre command\u00e9s avec ou sans structure de renfort.<\/p>\n","protected":false},"excerpt":{"rendered":"<p>Avec des bords ondul\u00e9s fix\u00e9s aux c\u00f4t\u00e9s lat\u00e9raux de la bande transporteuse, les bandes deviennent plus stables et vos clients peuvent transporter plus de produits par bande. Du fait de leur forme ondul\u00e9e, les bords peuvent \u00eatre tr\u00e8s hauts sans perdre de leur stabilit\u00e9. La capacit\u00e9 peut donc \u00eatre augment\u00e9e. Vos clients peuvent \u00e9galement transporter [&hellip;]<\/p>\n","protected":false},"author":1,"featured_media":0,"parent":0,"menu_order":0,"comment_status":"closed","ping_status":"closed","template":"templates\/template-product.php","meta":{"_acf_changed":false,"footnotes":""},"class_list":["post-4201","page","type-page","status-publish","hentry"],"acf":[],"_links":{"self":[{"href":"https:\/\/repasupplies.com\/fr\/wp-json\/wp\/v2\/pages\/4201","targetHints":{"allow":["GET"]}}],"collection":[{"href":"https:\/\/repasupplies.com\/fr\/wp-json\/wp\/v2\/pages"}],"about":[{"href":"https:\/\/repasupplies.com\/fr\/wp-json\/wp\/v2\/types\/page"}],"author":[{"embeddable":true,"href":"https:\/\/repasupplies.com\/fr\/wp-json\/wp\/v2\/users\/1"}],"replies":[{"embeddable":true,"href":"https:\/\/repasupplies.com\/fr\/wp-json\/wp\/v2\/comments?post=4201"}],"version-history":[{"count":4,"href":"https:\/\/repasupplies.com\/fr\/wp-json\/wp\/v2\/pages\/4201\/revisions"}],"predecessor-version":[{"id":4434,"href":"https:\/\/repasupplies.com\/fr\/wp-json\/wp\/v2\/pages\/4201\/revisions\/4434"}],"wp:attachment":[{"href":"https:\/\/repasupplies.com\/fr\/wp-json\/wp\/v2\/media?parent=4201"}],"curies":[{"name":"wp","href":"https:\/\/api.w.org\/{rel}","templated":true}]}}