{"id":4205,"date":"2021-05-04T15:47:12","date_gmt":"2021-05-04T15:47:12","guid":{"rendered":"https:\/\/repasupplies.com\/?page_id=4205"},"modified":"2021-05-06T05:00:50","modified_gmt":"2021-05-06T05:00:50","slug":"caoutchouc-tasseaux","status":"publish","type":"page","link":"https:\/\/repasupplies.com\/fr\/caoutchouc-tasseaux\/","title":{"rendered":"Caoutchouc Tasseaux"},"content":{"rendered":"\n<p>Les tasseaux sont indispensables lorsque votre client travaille avec des bandes transporteuses dans son installation inclin\u00e9es vers le haut ou vers le bas. Les tasseaux emp\u00eachent les produits de glisser de la bande. Vous pouvez vulcaniser vous-m\u00eames les tasseaux sur la bande. Evidemment, REPA peut \u00e9galement vous livrer les bandes transporteuses avec les tasseaux fix\u00e9s dessus. Les tasseaux en caoutchouc existent en ex\u00e9cution verticale \u2013 qui sont install\u00e9s perpendiculairement \u00e0 la bande transporteuse \u2013 mais \u00e9galement en angle allant de plus ou moins 60 \u00e0 80 degr\u00e9s. &nbsp;&nbsp;<\/p>\n","protected":false},"excerpt":{"rendered":"<p>Les tasseaux sont indispensables lorsque votre client travaille avec des bandes transporteuses dans son installation inclin\u00e9es vers le haut ou vers le bas. Les tasseaux emp\u00eachent les produits de glisser de la bande. Vous pouvez vulcaniser vous-m\u00eames les tasseaux sur la bande. Evidemment, REPA peut \u00e9galement vous livrer les bandes transporteuses avec les tasseaux fix\u00e9s [&hellip;]<\/p>\n","protected":false},"author":1,"featured_media":0,"parent":0,"menu_order":0,"comment_status":"closed","ping_status":"closed","template":"templates\/template-product.php","meta":{"_acf_changed":false,"footnotes":""},"class_list":["post-4205","page","type-page","status-publish","hentry"],"acf":[],"_links":{"self":[{"href":"https:\/\/repasupplies.com\/fr\/wp-json\/wp\/v2\/pages\/4205","targetHints":{"allow":["GET"]}}],"collection":[{"href":"https:\/\/repasupplies.com\/fr\/wp-json\/wp\/v2\/pages"}],"about":[{"href":"https:\/\/repasupplies.com\/fr\/wp-json\/wp\/v2\/types\/page"}],"author":[{"embeddable":true,"href":"https:\/\/repasupplies.com\/fr\/wp-json\/wp\/v2\/users\/1"}],"replies":[{"embeddable":true,"href":"https:\/\/repasupplies.com\/fr\/wp-json\/wp\/v2\/comments?post=4205"}],"version-history":[{"count":4,"href":"https:\/\/repasupplies.com\/fr\/wp-json\/wp\/v2\/pages\/4205\/revisions"}],"predecessor-version":[{"id":4423,"href":"https:\/\/repasupplies.com\/fr\/wp-json\/wp\/v2\/pages\/4205\/revisions\/4423"}],"wp:attachment":[{"href":"https:\/\/repasupplies.com\/fr\/wp-json\/wp\/v2\/media?parent=4205"}],"curies":[{"name":"wp","href":"https:\/\/api.w.org\/{rel}","templated":true}]}}