{"id":4225,"date":"2021-05-05T04:10:56","date_gmt":"2021-05-05T04:10:56","guid":{"rendered":"https:\/\/repasupplies.com\/?page_id=4225"},"modified":"2021-05-05T04:13:36","modified_gmt":"2021-05-05T04:13:36","slug":"materiel-de-reparation","status":"publish","type":"page","link":"https:\/\/repasupplies.com\/fr\/materiel-de-reparation\/","title":{"rendered":"Mat\u00e9riel de r\u00e9paration"},"content":{"rendered":"\n<p>Les bandes transporteuses qui ont subi des dommages ne doivent pas toujours \u00eatre remplac\u00e9es. En fonction des dommages, vous avez plusieurs possibilit\u00e9s et REPA peut vous proposer diff\u00e9rentes solutions pour r\u00e9parer votre bande transporteuse. D\u2019exp\u00e9rience, nous savons que la plupart des dommages aux bandes transporteuses peuvent \u00eatre r\u00e9par\u00e9s avec un kit de rustines ou de bandes de r\u00e9paration. Dans les autres cas, des caoutchoucs \u00e0 deux composants, la vulcanisation \u00e0 chaud ou, par exemple, des agrafes de bandes peuvent \u00e9galement \u00eatre utilis\u00e9s.<\/p>\n","protected":false},"excerpt":{"rendered":"<p>Les bandes transporteuses qui ont subi des dommages ne doivent pas toujours \u00eatre remplac\u00e9es. En fonction des dommages, vous avez plusieurs possibilit\u00e9s et REPA peut vous proposer diff\u00e9rentes solutions pour r\u00e9parer votre bande transporteuse. D\u2019exp\u00e9rience, nous savons que la plupart des dommages aux bandes transporteuses peuvent \u00eatre r\u00e9par\u00e9s avec un kit de rustines ou de [&hellip;]<\/p>\n","protected":false},"author":1,"featured_media":0,"parent":0,"menu_order":0,"comment_status":"closed","ping_status":"closed","template":"templates\/template-product.php","meta":{"_acf_changed":false,"footnotes":""},"class_list":["post-4225","page","type-page","status-publish","hentry"],"acf":[],"_links":{"self":[{"href":"https:\/\/repasupplies.com\/fr\/wp-json\/wp\/v2\/pages\/4225","targetHints":{"allow":["GET"]}}],"collection":[{"href":"https:\/\/repasupplies.com\/fr\/wp-json\/wp\/v2\/pages"}],"about":[{"href":"https:\/\/repasupplies.com\/fr\/wp-json\/wp\/v2\/types\/page"}],"author":[{"embeddable":true,"href":"https:\/\/repasupplies.com\/fr\/wp-json\/wp\/v2\/users\/1"}],"replies":[{"embeddable":true,"href":"https:\/\/repasupplies.com\/fr\/wp-json\/wp\/v2\/comments?post=4225"}],"version-history":[{"count":5,"href":"https:\/\/repasupplies.com\/fr\/wp-json\/wp\/v2\/pages\/4225\/revisions"}],"predecessor-version":[{"id":4236,"href":"https:\/\/repasupplies.com\/fr\/wp-json\/wp\/v2\/pages\/4225\/revisions\/4236"}],"wp:attachment":[{"href":"https:\/\/repasupplies.com\/fr\/wp-json\/wp\/v2\/media?parent=4225"}],"curies":[{"name":"wp","href":"https:\/\/api.w.org\/{rel}","templated":true}]}}