{"id":4237,"date":"2021-05-05T10:42:42","date_gmt":"2021-05-05T10:42:42","guid":{"rendered":"https:\/\/repasupplies.com\/?page_id=4237"},"modified":"2021-05-05T10:46:33","modified_gmt":"2021-05-05T10:46:33","slug":"profils-en-caoutchouc","status":"publish","type":"page","link":"https:\/\/repasupplies.com\/fr\/profils-en-caoutchouc\/","title":{"rendered":"Profils en caoutchouc"},"content":{"rendered":"\n<p>Lorsqu\u2019une bande transporteuse est soumise \u00e0 des forces lat\u00e9rales, la bande peut d\u00e9railler. Afin de pr\u00e9server la stabilit\u00e9 du transport, les parties sup\u00e9rieures et inf\u00e9rieures de la bande peuvent \u00eatre \u00e9quip\u00e9es de profils de guidage. Vous avez le choix entre plusieurs types\u00a0: les profils en forme de V ou les profils de guidage en forme de blocs. Leur fixation \u00e0 la bande transporteuse se fait par vulcanisation \u00e0 froid ou \u00e0 chaud selon l\u2019industrie ou l\u2019application qu\u2019en fait votre client.<\/p>\n","protected":false},"excerpt":{"rendered":"<p>Lorsqu\u2019une bande transporteuse est soumise \u00e0 des forces lat\u00e9rales, la bande peut d\u00e9railler. Afin de pr\u00e9server la stabilit\u00e9 du transport, les parties sup\u00e9rieures et inf\u00e9rieures de la bande peuvent \u00eatre \u00e9quip\u00e9es de profils de guidage. Vous avez le choix entre plusieurs types\u00a0: les profils en forme de V ou les profils de guidage en forme [&hellip;]<\/p>\n","protected":false},"author":1,"featured_media":0,"parent":0,"menu_order":0,"comment_status":"closed","ping_status":"closed","template":"templates\/template-product.php","meta":{"_acf_changed":false,"footnotes":""},"class_list":["post-4237","page","type-page","status-publish","hentry"],"acf":[],"_links":{"self":[{"href":"https:\/\/repasupplies.com\/fr\/wp-json\/wp\/v2\/pages\/4237","targetHints":{"allow":["GET"]}}],"collection":[{"href":"https:\/\/repasupplies.com\/fr\/wp-json\/wp\/v2\/pages"}],"about":[{"href":"https:\/\/repasupplies.com\/fr\/wp-json\/wp\/v2\/types\/page"}],"author":[{"embeddable":true,"href":"https:\/\/repasupplies.com\/fr\/wp-json\/wp\/v2\/users\/1"}],"replies":[{"embeddable":true,"href":"https:\/\/repasupplies.com\/fr\/wp-json\/wp\/v2\/comments?post=4237"}],"version-history":[{"count":4,"href":"https:\/\/repasupplies.com\/fr\/wp-json\/wp\/v2\/pages\/4237\/revisions"}],"predecessor-version":[{"id":4241,"href":"https:\/\/repasupplies.com\/fr\/wp-json\/wp\/v2\/pages\/4237\/revisions\/4241"}],"wp:attachment":[{"href":"https:\/\/repasupplies.com\/fr\/wp-json\/wp\/v2\/media?parent=4237"}],"curies":[{"name":"wp","href":"https:\/\/api.w.org\/{rel}","templated":true}]}}