{"id":4242,"date":"2021-05-05T10:48:26","date_gmt":"2021-05-05T10:48:26","guid":{"rendered":"https:\/\/repasupplies.com\/?page_id=4242"},"modified":"2021-05-05T10:52:33","modified_gmt":"2021-05-05T10:52:33","slug":"garnissage-du-tambour","status":"publish","type":"page","link":"https:\/\/repasupplies.com\/fr\/garnissage-du-tambour\/","title":{"rendered":"Garnissage du tambour"},"content":{"rendered":"\n<p>REPA a une vaste gamme de rev\u00eatements en caoutchouc pour tambours, rouleaux et cylindres. La fonction de ce rev\u00eatement consiste principalement \u00e0 augmenter la friction entre la bande et le tambour. Ainsi la bande transporteuse d\u00e9rapera moins, ce qui am\u00e9liorera la rotation de la bande et ainsi le fonctionnement g\u00e9n\u00e9ral de l\u2019installation. \u00a0<\/p>\n\n\n\n<p>Un bon garnissage du tambour est indispensable pour l\u2019ensemble de votre installation de bandes transporteuses \u00e9tant donn\u00e9 qu\u2019il augmentera la long\u00e9vit\u00e9 de votre tambour et de votre bande. Nous disposons de plusieurs types de rev\u00eatements pour tambours, qui ont tous leurs propres caract\u00e9ristiques \u00e0 savoir leur forme, leur composition, leur duret\u00e9, leur \u00e9lasticit\u00e9 et leur r\u00e9sistance aux huiles, graisses et t\u00e2ches.<\/p>\n","protected":false},"excerpt":{"rendered":"<p>REPA a une vaste gamme de rev\u00eatements en caoutchouc pour tambours, rouleaux et cylindres. La fonction de ce rev\u00eatement consiste principalement \u00e0 augmenter la friction entre la bande et le tambour. Ainsi la bande transporteuse d\u00e9rapera moins, ce qui am\u00e9liorera la rotation de la bande et ainsi le fonctionnement g\u00e9n\u00e9ral de l\u2019installation. \u00a0 Un bon [&hellip;]<\/p>\n","protected":false},"author":1,"featured_media":0,"parent":0,"menu_order":0,"comment_status":"closed","ping_status":"closed","template":"templates\/template-product.php","meta":{"_acf_changed":false,"footnotes":""},"class_list":["post-4242","page","type-page","status-publish","hentry"],"acf":[],"_links":{"self":[{"href":"https:\/\/repasupplies.com\/fr\/wp-json\/wp\/v2\/pages\/4242","targetHints":{"allow":["GET"]}}],"collection":[{"href":"https:\/\/repasupplies.com\/fr\/wp-json\/wp\/v2\/pages"}],"about":[{"href":"https:\/\/repasupplies.com\/fr\/wp-json\/wp\/v2\/types\/page"}],"author":[{"embeddable":true,"href":"https:\/\/repasupplies.com\/fr\/wp-json\/wp\/v2\/users\/1"}],"replies":[{"embeddable":true,"href":"https:\/\/repasupplies.com\/fr\/wp-json\/wp\/v2\/comments?post=4242"}],"version-history":[{"count":4,"href":"https:\/\/repasupplies.com\/fr\/wp-json\/wp\/v2\/pages\/4242\/revisions"}],"predecessor-version":[{"id":4250,"href":"https:\/\/repasupplies.com\/fr\/wp-json\/wp\/v2\/pages\/4242\/revisions\/4250"}],"wp:attachment":[{"href":"https:\/\/repasupplies.com\/fr\/wp-json\/wp\/v2\/media?parent=4242"}],"curies":[{"name":"wp","href":"https:\/\/api.w.org\/{rel}","templated":true}]}}