{"id":4251,"date":"2021-05-05T10:53:22","date_gmt":"2021-05-05T10:53:22","guid":{"rendered":"https:\/\/repasupplies.com\/?page_id=4251"},"modified":"2021-05-05T10:57:26","modified_gmt":"2021-05-05T10:57:26","slug":"materiel-de-vulcanisation","status":"publish","type":"page","link":"https:\/\/repasupplies.com\/fr\/materiel-de-vulcanisation\/","title":{"rendered":"Mat\u00e9riel de vulcanisation"},"content":{"rendered":"\n<p>Vous trouverez chez REPA Supplies tout ce dont vous avez besoin pour vulcaniser. Si vous souhaitez une bande transporteuse extr\u00eamement longue ou en laisser fabriquer une, si vous d\u00e9sirez fixer un tasseau ou un autre accessoire sur la bande, si vous voulez (laisser) fabriquer des anneaux individuels ou des joints sur mesure, ou si vous avez besoin de gommes de liaison, de rev\u00eatements ou m\u00eame d\u2019une presse de vulcanisation compl\u00e8te, vous \u00eates \u00e0 la bonne adresse chez REPA.\u00a0<\/p>\n\n\n\n<p>Nous pouvons vous aider avec des produits finis, la vulcanisation \u00e0 proprement parler (\u00e0 chaud et \u00e0 froid) ainsi qu\u2019avec l\u2019outillage n\u00e9cessaire au processus de vulcanisation. En bref, nous disposons de toutes les connaissances, de l\u2019exp\u00e9rience et des mat\u00e9riaux pour vous aider.<\/p>\n","protected":false},"excerpt":{"rendered":"<p>Vous trouverez chez REPA Supplies tout ce dont vous avez besoin pour vulcaniser. Si vous souhaitez une bande transporteuse extr\u00eamement longue ou en laisser fabriquer une, si vous d\u00e9sirez fixer un tasseau ou un autre accessoire sur la bande, si vous voulez (laisser) fabriquer des anneaux individuels ou des joints sur mesure, ou si vous [&hellip;]<\/p>\n","protected":false},"author":1,"featured_media":0,"parent":0,"menu_order":0,"comment_status":"closed","ping_status":"closed","template":"templates\/template-product.php","meta":{"_acf_changed":false,"footnotes":""},"class_list":["post-4251","page","type-page","status-publish","hentry"],"acf":[],"_links":{"self":[{"href":"https:\/\/repasupplies.com\/fr\/wp-json\/wp\/v2\/pages\/4251","targetHints":{"allow":["GET"]}}],"collection":[{"href":"https:\/\/repasupplies.com\/fr\/wp-json\/wp\/v2\/pages"}],"about":[{"href":"https:\/\/repasupplies.com\/fr\/wp-json\/wp\/v2\/types\/page"}],"author":[{"embeddable":true,"href":"https:\/\/repasupplies.com\/fr\/wp-json\/wp\/v2\/users\/1"}],"replies":[{"embeddable":true,"href":"https:\/\/repasupplies.com\/fr\/wp-json\/wp\/v2\/comments?post=4251"}],"version-history":[{"count":5,"href":"https:\/\/repasupplies.com\/fr\/wp-json\/wp\/v2\/pages\/4251\/revisions"}],"predecessor-version":[{"id":4262,"href":"https:\/\/repasupplies.com\/fr\/wp-json\/wp\/v2\/pages\/4251\/revisions\/4262"}],"wp:attachment":[{"href":"https:\/\/repasupplies.com\/fr\/wp-json\/wp\/v2\/media?parent=4251"}],"curies":[{"name":"wp","href":"https:\/\/api.w.org\/{rel}","templated":true}]}}