{"id":4263,"date":"2021-05-05T11:00:28","date_gmt":"2021-05-05T11:00:28","guid":{"rendered":"https:\/\/repasupplies.com\/?page_id=4263"},"modified":"2021-05-05T11:05:12","modified_gmt":"2021-05-05T11:05:12","slug":"bandes-transporteuses-elevatrices","status":"publish","type":"page","link":"https:\/\/repasupplies.com\/fr\/bandes-transporteuses-elevatrices\/","title":{"rendered":"Bandes transporteuses \u00e9l\u00e9vatrices"},"content":{"rendered":"\n<p>Les bandes transporteuses \u00e9l\u00e9vatrices sont sp\u00e9cialement con\u00e7ues pour transporter les produits individuels \u00e0 la verticale. Gr\u00e2ce \u00e0 la composition et au positionnement des bandes ainsi qu\u2019\u00e0 l\u2019utilisation de godets, les produits arrivent \u201csains et saufs\u201d au bon endroit.<\/p>\n\n\n\n<p>Les bandes transporteuses \u00e9l\u00e9vatrices sont utilis\u00e9es dans les secteurs les plus divers, pour le transport de poudres, du sable, de produits agricoles, du verre, d\u2019aliments pour animaux, du bois et de beaucoup d\u2019autres mati\u00e8res (premi\u00e8res) et autres.<\/p>\n","protected":false},"excerpt":{"rendered":"<p>Les bandes transporteuses \u00e9l\u00e9vatrices sont sp\u00e9cialement con\u00e7ues pour transporter les produits individuels \u00e0 la verticale. Gr\u00e2ce \u00e0 la composition et au positionnement des bandes ainsi qu\u2019\u00e0 l\u2019utilisation de godets, les produits arrivent \u201csains et saufs\u201d au bon endroit. Les bandes transporteuses \u00e9l\u00e9vatrices sont utilis\u00e9es dans les secteurs les plus divers, pour le transport de poudres, [&hellip;]<\/p>\n","protected":false},"author":1,"featured_media":0,"parent":0,"menu_order":0,"comment_status":"closed","ping_status":"closed","template":"templates\/template-product.php","meta":{"_acf_changed":false,"footnotes":""},"class_list":["post-4263","page","type-page","status-publish","hentry"],"acf":[],"_links":{"self":[{"href":"https:\/\/repasupplies.com\/fr\/wp-json\/wp\/v2\/pages\/4263","targetHints":{"allow":["GET"]}}],"collection":[{"href":"https:\/\/repasupplies.com\/fr\/wp-json\/wp\/v2\/pages"}],"about":[{"href":"https:\/\/repasupplies.com\/fr\/wp-json\/wp\/v2\/types\/page"}],"author":[{"embeddable":true,"href":"https:\/\/repasupplies.com\/fr\/wp-json\/wp\/v2\/users\/1"}],"replies":[{"embeddable":true,"href":"https:\/\/repasupplies.com\/fr\/wp-json\/wp\/v2\/comments?post=4263"}],"version-history":[{"count":4,"href":"https:\/\/repasupplies.com\/fr\/wp-json\/wp\/v2\/pages\/4263\/revisions"}],"predecessor-version":[{"id":4275,"href":"https:\/\/repasupplies.com\/fr\/wp-json\/wp\/v2\/pages\/4263\/revisions\/4275"}],"wp:attachment":[{"href":"https:\/\/repasupplies.com\/fr\/wp-json\/wp\/v2\/media?parent=4263"}],"curies":[{"name":"wp","href":"https:\/\/api.w.org\/{rel}","templated":true}]}}