{"id":4276,"date":"2021-05-05T11:07:27","date_gmt":"2021-05-05T11:07:27","guid":{"rendered":"https:\/\/repasupplies.com\/?page_id=4276"},"modified":"2021-05-05T11:09:38","modified_gmt":"2021-05-05T11:09:38","slug":"bandes-transporteuses-a-bords-ondules","status":"publish","type":"page","link":"https:\/\/repasupplies.com\/fr\/bandes-transporteuses-a-bords-ondules\/","title":{"rendered":"Bandes transporteuses \u00e0 bords ondul\u00e9s"},"content":{"rendered":"\n<p>Les Bandes transporteuses \u00e0 bords ondul\u00e9s sont tr\u00e8s pratiques. Elles sont extr\u00eamement stables et peuvent transporter plus de produits sous un angle plus grand. En tant que fournisseur global, REPA Supplies a ces bandes transporteuses \u00e0 bords ondul\u00e9s pr\u00eates pour une livraison imm\u00e9diate. Nous assemblons ces bandes \u00e0 bords ondul\u00e9s sp\u00e9cialement pour vous, en fonction de vos besoins exacts.<\/p>\n\n\n\n<p>L\u2019utilisation de bandes \u00e0 bords ondul\u00e9s offre de nombreux avantages. Avec ce type de bandes, diff\u00e9rents produits peuvent \u00eatre transport\u00e9s sur la m\u00eame bande et on \u00e9vite les d\u00e9bordements \u00e9tant donn\u00e9 que les bords ondul\u00e9s forment une unit\u00e9 avec la bande. Cette unit\u00e9 signifie \u00e9galement qu\u2019il n\u2019y a quasiment pas de parties mobiles, et que l\u2019entretien est r\u00e9duit \u00e0 un minimum.<\/p>\n\n\n\n<p>Pour terminer, un angle de transport potentiel de 90 degr\u00e9s a plusieurs avantages. Peu d&rsquo;\u00e9nergie est n\u00e9cessaire pour d\u00e9placer la bande et vous r\u00e9duisez \u00e9norm\u00e9ment la surface horizontale; id\u00e9al donc pour les endroits o\u00f9 peu d\u2019espace est pr\u00e9vu pour les installations.<\/p>\n\n\n\n<p>Les bandes \u00e0 bords ondul\u00e9s sont form\u00e9es de plusieurs composants. La bande de base se compose d\u2019une bande EP, ST, CP ou \u00e0 stabilit\u00e9 crois\u00e9e. Ici, la bande \u00e0 stabilit\u00e9 crois\u00e9e est la plus utilis\u00e9e \u00e0 cause de ses tr\u00e8s bonnes propri\u00e9t\u00e9s stabilisantes. A cette bande de base sont ajout\u00e9s des bords ondul\u00e9s et des godets.<\/p>\n\n\n\n<p>Nous fabriquons\u00a0les bandes avec bords ondul\u00e9s dont vous avez besoin, sur mesure. En effet, pour quasiment toutes les industries et toutes les entreprises, une approche personnalis\u00e9e est n\u00e9cessaire et nous pouvons vous l\u2019offrir gr\u00e2ce \u00e0 notre vaste exp\u00e9rience, nos connaissances et notre assortiment.<\/p>\n","protected":false},"excerpt":{"rendered":"<p>Les Bandes transporteuses \u00e0 bords ondul\u00e9s sont tr\u00e8s pratiques. Elles sont extr\u00eamement stables et peuvent transporter plus de produits sous un angle plus grand. En tant que fournisseur global, REPA Supplies a ces bandes transporteuses \u00e0 bords ondul\u00e9s pr\u00eates pour une livraison imm\u00e9diate. Nous assemblons ces bandes \u00e0 bords ondul\u00e9s sp\u00e9cialement pour vous, en fonction [&hellip;]<\/p>\n","protected":false},"author":1,"featured_media":0,"parent":0,"menu_order":0,"comment_status":"closed","ping_status":"closed","template":"templates\/template-product.php","meta":{"_acf_changed":false,"footnotes":""},"class_list":["post-4276","page","type-page","status-publish","hentry"],"acf":[],"_links":{"self":[{"href":"https:\/\/repasupplies.com\/fr\/wp-json\/wp\/v2\/pages\/4276","targetHints":{"allow":["GET"]}}],"collection":[{"href":"https:\/\/repasupplies.com\/fr\/wp-json\/wp\/v2\/pages"}],"about":[{"href":"https:\/\/repasupplies.com\/fr\/wp-json\/wp\/v2\/types\/page"}],"author":[{"embeddable":true,"href":"https:\/\/repasupplies.com\/fr\/wp-json\/wp\/v2\/users\/1"}],"replies":[{"embeddable":true,"href":"https:\/\/repasupplies.com\/fr\/wp-json\/wp\/v2\/comments?post=4276"}],"version-history":[{"count":3,"href":"https:\/\/repasupplies.com\/fr\/wp-json\/wp\/v2\/pages\/4276\/revisions"}],"predecessor-version":[{"id":4288,"href":"https:\/\/repasupplies.com\/fr\/wp-json\/wp\/v2\/pages\/4276\/revisions\/4288"}],"wp:attachment":[{"href":"https:\/\/repasupplies.com\/fr\/wp-json\/wp\/v2\/media?parent=4276"}],"curies":[{"name":"wp","href":"https:\/\/api.w.org\/{rel}","templated":true}]}}