{"id":4289,"date":"2021-05-05T11:11:49","date_gmt":"2021-05-05T11:11:49","guid":{"rendered":"https:\/\/repasupplies.com\/?page_id=4289"},"modified":"2021-05-05T11:16:24","modified_gmt":"2021-05-05T11:16:24","slug":"bandes-resistantes-a-la-chaleur","status":"publish","type":"page","link":"https:\/\/repasupplies.com\/fr\/bandes-resistantes-a-la-chaleur\/","title":{"rendered":"Bandes r\u00e9sistantes \u00e0 la chaleur"},"content":{"rendered":"\n<p>Dans les machines et installations o\u00f9 des produits chauds sont transport\u00e9s \u2013 comme dans les ports, l\u2019industrie du ciment, du recyclage et de l\u2019acier \u2013, vous avez besoin de bandes transporteuses r\u00e9sistantes aux hautes temp\u00e9ratures.<\/p>\n\n\n\n<p>Sous l\u2019influence de chaleurs extr\u00eames, les bandes transporteuses peuvent rapidement devenir obsol\u00e8tes. Les couches de finition, les couches int\u00e9rieures et m\u00eame la soudure peuvent l\u00e2cher. La bande peut alors casser, ce qui met \u00e0 l\u2019arr\u00eat tout un processus de production. Le r\u00e9sultat est une perte de temps et d\u2019argent. Pour \u00e9viter de telles situations, REPA dispose de bandes transporteuses qualitatives et r\u00e9sistantes \u00e0 la chaleur pour tout type d\u2019application.<\/p>\n","protected":false},"excerpt":{"rendered":"<p>Dans les machines et installations o\u00f9 des produits chauds sont transport\u00e9s \u2013 comme dans les ports, l\u2019industrie du ciment, du recyclage et de l\u2019acier \u2013, vous avez besoin de bandes transporteuses r\u00e9sistantes aux hautes temp\u00e9ratures. Sous l\u2019influence de chaleurs extr\u00eames, les bandes transporteuses peuvent rapidement devenir obsol\u00e8tes. Les couches de finition, les couches int\u00e9rieures et [&hellip;]<\/p>\n","protected":false},"author":1,"featured_media":0,"parent":0,"menu_order":0,"comment_status":"closed","ping_status":"closed","template":"templates\/template-product.php","meta":{"_acf_changed":false,"footnotes":""},"class_list":["post-4289","page","type-page","status-publish","hentry"],"acf":[],"_links":{"self":[{"href":"https:\/\/repasupplies.com\/fr\/wp-json\/wp\/v2\/pages\/4289","targetHints":{"allow":["GET"]}}],"collection":[{"href":"https:\/\/repasupplies.com\/fr\/wp-json\/wp\/v2\/pages"}],"about":[{"href":"https:\/\/repasupplies.com\/fr\/wp-json\/wp\/v2\/types\/page"}],"author":[{"embeddable":true,"href":"https:\/\/repasupplies.com\/fr\/wp-json\/wp\/v2\/users\/1"}],"replies":[{"embeddable":true,"href":"https:\/\/repasupplies.com\/fr\/wp-json\/wp\/v2\/comments?post=4289"}],"version-history":[{"count":5,"href":"https:\/\/repasupplies.com\/fr\/wp-json\/wp\/v2\/pages\/4289\/revisions"}],"predecessor-version":[{"id":4304,"href":"https:\/\/repasupplies.com\/fr\/wp-json\/wp\/v2\/pages\/4289\/revisions\/4304"}],"wp:attachment":[{"href":"https:\/\/repasupplies.com\/fr\/wp-json\/wp\/v2\/media?parent=4289"}],"curies":[{"name":"wp","href":"https:\/\/api.w.org\/{rel}","templated":true}]}}