{"id":4305,"date":"2021-05-05T11:26:04","date_gmt":"2021-05-05T11:26:04","guid":{"rendered":"https:\/\/repasupplies.com\/?page_id=4305"},"modified":"2021-05-05T11:28:57","modified_gmt":"2021-05-05T11:28:57","slug":"bandes-a-profils","status":"publish","type":"page","link":"https:\/\/repasupplies.com\/fr\/bandes-a-profils\/","title":{"rendered":"Bandes \u00e0 profils"},"content":{"rendered":"\n<p>Les bandes \u00e0 profils sont destin\u00e9es \u00e0 manutentionner les marchandises sur un plan inclin\u00e9 vers le haut. Ce syst\u00e8me est utilis\u00e9 dans diff\u00e9rents secteurs et entreprises aussi diff\u00e9rents que les travaux routiers, les entreprises de fabrication de machines, le recyclage, le transport et la logistique, l\u2019industrie du sel, l\u2019agriculture et les fabriques de ciment.<\/p>\n\n\n\n<p>Nous avons une large gamme de bandes \u00e0 profils avec des profils de diff\u00e9rentes formes et \u00e9paisseurs. Un exemple de bandes transporteuses \u00e0 profils tr\u00e8s demand\u00e9s est la bande \u00e0 profils en forme de V, aussi appel\u00e9e bande \u00e0 chevrons.<br>Pour toutes vos applications, nous avons la bande appropri\u00e9e.<\/p>\n\n\n\n<p>Diff\u00e9rentes caract\u00e9ristiques doivent \u00eatre consid\u00e9r\u00e9es \u00e0 la s\u00e9lection d\u2019une bande \u00e0 profils, entre autres la hauteur du profil, sa largeur et la largeur de la bande transporteuse.<\/p>\n","protected":false},"excerpt":{"rendered":"<p>Les bandes \u00e0 profils sont destin\u00e9es \u00e0 manutentionner les marchandises sur un plan inclin\u00e9 vers le haut. Ce syst\u00e8me est utilis\u00e9 dans diff\u00e9rents secteurs et entreprises aussi diff\u00e9rents que les travaux routiers, les entreprises de fabrication de machines, le recyclage, le transport et la logistique, l\u2019industrie du sel, l\u2019agriculture et les fabriques de ciment. Nous [&hellip;]<\/p>\n","protected":false},"author":1,"featured_media":0,"parent":0,"menu_order":0,"comment_status":"closed","ping_status":"closed","template":"templates\/template-product.php","meta":{"_acf_changed":false,"footnotes":""},"class_list":["post-4305","page","type-page","status-publish","hentry"],"acf":[],"_links":{"self":[{"href":"https:\/\/repasupplies.com\/fr\/wp-json\/wp\/v2\/pages\/4305","targetHints":{"allow":["GET"]}}],"collection":[{"href":"https:\/\/repasupplies.com\/fr\/wp-json\/wp\/v2\/pages"}],"about":[{"href":"https:\/\/repasupplies.com\/fr\/wp-json\/wp\/v2\/types\/page"}],"author":[{"embeddable":true,"href":"https:\/\/repasupplies.com\/fr\/wp-json\/wp\/v2\/users\/1"}],"replies":[{"embeddable":true,"href":"https:\/\/repasupplies.com\/fr\/wp-json\/wp\/v2\/comments?post=4305"}],"version-history":[{"count":4,"href":"https:\/\/repasupplies.com\/fr\/wp-json\/wp\/v2\/pages\/4305\/revisions"}],"predecessor-version":[{"id":4314,"href":"https:\/\/repasupplies.com\/fr\/wp-json\/wp\/v2\/pages\/4305\/revisions\/4314"}],"wp:attachment":[{"href":"https:\/\/repasupplies.com\/fr\/wp-json\/wp\/v2\/media?parent=4305"}],"curies":[{"name":"wp","href":"https:\/\/api.w.org\/{rel}","templated":true}]}}