{"id":4315,"date":"2021-05-05T11:30:14","date_gmt":"2021-05-05T11:30:14","guid":{"rendered":"https:\/\/repasupplies.com\/?page_id=4315"},"modified":"2021-05-05T13:59:06","modified_gmt":"2021-05-05T13:59:06","slug":"bandes-transporteuses-tissees-solides-sw","status":"publish","type":"page","link":"https:\/\/repasupplies.com\/fr\/bandes-transporteuses-tissees-solides-sw\/","title":{"rendered":"Bandes transporteuses tiss\u00e9es solides (SW)"},"content":{"rendered":"\n<p>Dans les industries et applications n\u00e9cessitant des bandes transporteuses avec des \u00e9paisseurs sp\u00e9cifiques ainsi qu\u2019une r\u00e9sistance \u00e0 la traction tr\u00e8s \u00e9lev\u00e9e, les bandes Solid Woven (SW, tiss\u00e9es solides) sont g\u00e9n\u00e9ralement la meilleure solution. Une seule \u00e9paisseur est utilis\u00e9e, elle est tr\u00e8s \u00e9paisse et a une r\u00e9sistance tr\u00e8s \u00e9lev\u00e9e aux d\u00e9chirures et autres dommages.<\/p>\n\n\n\n<p>Les bandes tiss\u00e9es solides sont faciles \u00e0 manipuler et sont tr\u00e8s robustes. Elles peuvent \u00eatre utilis\u00e9es tant pour les applications les plus lourdes que sur des petites machines et tambours devant \u00a0atteindre des vitesses \u00e9lev\u00e9es.<\/p>\n","protected":false},"excerpt":{"rendered":"<p>Dans les industries et applications n\u00e9cessitant des bandes transporteuses avec des \u00e9paisseurs sp\u00e9cifiques ainsi qu\u2019une r\u00e9sistance \u00e0 la traction tr\u00e8s \u00e9lev\u00e9e, les bandes Solid Woven (SW, tiss\u00e9es solides) sont g\u00e9n\u00e9ralement la meilleure solution. Une seule \u00e9paisseur est utilis\u00e9e, elle est tr\u00e8s \u00e9paisse et a une r\u00e9sistance tr\u00e8s \u00e9lev\u00e9e aux d\u00e9chirures et autres dommages. Les bandes [&hellip;]<\/p>\n","protected":false},"author":1,"featured_media":0,"parent":0,"menu_order":0,"comment_status":"closed","ping_status":"closed","template":"templates\/template-product.php","meta":{"_acf_changed":false,"footnotes":""},"class_list":["post-4315","page","type-page","status-publish","hentry"],"acf":[],"_links":{"self":[{"href":"https:\/\/repasupplies.com\/fr\/wp-json\/wp\/v2\/pages\/4315","targetHints":{"allow":["GET"]}}],"collection":[{"href":"https:\/\/repasupplies.com\/fr\/wp-json\/wp\/v2\/pages"}],"about":[{"href":"https:\/\/repasupplies.com\/fr\/wp-json\/wp\/v2\/types\/page"}],"author":[{"embeddable":true,"href":"https:\/\/repasupplies.com\/fr\/wp-json\/wp\/v2\/users\/1"}],"replies":[{"embeddable":true,"href":"https:\/\/repasupplies.com\/fr\/wp-json\/wp\/v2\/comments?post=4315"}],"version-history":[{"count":3,"href":"https:\/\/repasupplies.com\/fr\/wp-json\/wp\/v2\/pages\/4315\/revisions"}],"predecessor-version":[{"id":4324,"href":"https:\/\/repasupplies.com\/fr\/wp-json\/wp\/v2\/pages\/4315\/revisions\/4324"}],"wp:attachment":[{"href":"https:\/\/repasupplies.com\/fr\/wp-json\/wp\/v2\/media?parent=4315"}],"curies":[{"name":"wp","href":"https:\/\/api.w.org\/{rel}","templated":true}]}}