{"id":4325,"date":"2021-05-05T11:43:54","date_gmt":"2021-05-05T11:43:54","guid":{"rendered":"https:\/\/repasupplies.com\/?page_id=4325"},"modified":"2021-05-05T11:46:14","modified_gmt":"2021-05-05T11:46:14","slug":"bandes-supergrip","status":"publish","type":"page","link":"https:\/\/repasupplies.com\/fr\/bandes-supergrip\/","title":{"rendered":"Bandes Supergrip"},"content":{"rendered":"\n<p>Les bandes supergrip (ou tr\u00e8s adh\u00e9rentes) sur indispensables l\u00e0 o\u00f9 une forte adh\u00e9sion est \u00a0n\u00e9cessaire pour le transport de marchandises ou d\u2019objets. C\u2019est souvent le cas pour la manutention des bagages dans les a\u00e9roports, pour la logistique et pour l\u2019industrie alimentaire. Parfois, les attractions dans les parcs d\u2019attractions ont \u00e9galement besoin de ces bandes transporteuses tr\u00e8s adh\u00e9rentes. REPA est \u00e0 m\u00eame de livrer pour tous les secteurs et toutes les applications une bande transporteuse supergrip.<\/p>\n\n\n\n<p>Les bandes transporteuses supergrip &#8211; ou bandes rough top \u2013 sont livrables avec une partie inf\u00e9rieure en caoutchouc ou en structure renforc\u00e9e, de sorte qu\u2019elles peuvent \u00eatre utilis\u00e9es pour rouler ou pour glisser.<\/p>\n","protected":false},"excerpt":{"rendered":"<p>Les bandes supergrip (ou tr\u00e8s adh\u00e9rentes) sur indispensables l\u00e0 o\u00f9 une forte adh\u00e9sion est \u00a0n\u00e9cessaire pour le transport de marchandises ou d\u2019objets. C\u2019est souvent le cas pour la manutention des bagages dans les a\u00e9roports, pour la logistique et pour l\u2019industrie alimentaire. Parfois, les attractions dans les parcs d\u2019attractions ont \u00e9galement besoin de ces bandes transporteuses [&hellip;]<\/p>\n","protected":false},"author":1,"featured_media":0,"parent":0,"menu_order":0,"comment_status":"closed","ping_status":"closed","template":"templates\/template-product.php","meta":{"_acf_changed":false,"footnotes":""},"class_list":["post-4325","page","type-page","status-publish","hentry"],"acf":[],"_links":{"self":[{"href":"https:\/\/repasupplies.com\/fr\/wp-json\/wp\/v2\/pages\/4325","targetHints":{"allow":["GET"]}}],"collection":[{"href":"https:\/\/repasupplies.com\/fr\/wp-json\/wp\/v2\/pages"}],"about":[{"href":"https:\/\/repasupplies.com\/fr\/wp-json\/wp\/v2\/types\/page"}],"author":[{"embeddable":true,"href":"https:\/\/repasupplies.com\/fr\/wp-json\/wp\/v2\/users\/1"}],"replies":[{"embeddable":true,"href":"https:\/\/repasupplies.com\/fr\/wp-json\/wp\/v2\/comments?post=4325"}],"version-history":[{"count":3,"href":"https:\/\/repasupplies.com\/fr\/wp-json\/wp\/v2\/pages\/4325\/revisions"}],"predecessor-version":[{"id":4338,"href":"https:\/\/repasupplies.com\/fr\/wp-json\/wp\/v2\/pages\/4325\/revisions\/4338"}],"wp:attachment":[{"href":"https:\/\/repasupplies.com\/fr\/wp-json\/wp\/v2\/media?parent=4325"}],"curies":[{"name":"wp","href":"https:\/\/api.w.org\/{rel}","templated":true}]}}