{"id":4339,"date":"2021-05-05T11:50:35","date_gmt":"2021-05-05T11:50:35","guid":{"rendered":"https:\/\/repasupplies.com\/?page_id=4339"},"modified":"2021-05-05T14:00:08","modified_gmt":"2021-05-05T14:00:08","slug":"bandes-transporteuses-planes","status":"publish","type":"page","link":"https:\/\/repasupplies.com\/fr\/bandes-transporteuses-planes\/","title":{"rendered":"Bandes transporteuses planes"},"content":{"rendered":"\n<p>Les bandes transporteuses sont la base de la majorit\u00e9 des syst\u00e8mes de transport dans les secteurs les plus vari\u00e9s, tels que le traitement des mati\u00e8res premi\u00e8res, les industries de l\u2019acier et du recyclage, ou encore les industries du papier, du bois, du ciment et de la chimie. Quasiment tout est transportable: le bois, l\u2019acier, le verre, le b\u00e9ton, les d\u00e9chets individuels et bien d\u2019autres.<\/p>\n\n\n\n<p>Les bandes transporteuses planes en caoutchouc existent en diff\u00e9rents types et tailles et peuvent poss\u00e9der diff\u00e9rentes caract\u00e9ristiques. Il y a les bandes planes standards, mais vous pouvez \u00e9galement choisir une bande transporteuse \u00e0 stabilit\u00e9 crois\u00e9e, une bande Ripstop \u00e9quip\u00e9e de c\u00e2bles en acier (rendant toute d\u00e9chirure impossible), ou une bande transporteuse glissante (avec structure de renfort sur la partie inf\u00e9rieure). En outre, quasiment toutes les bandes transporteuses planes sont livrables dans une ex\u00e9cution r\u00e9sistante aux huiles et aux graisses, ainsi que dans une ex\u00e9cution r\u00e9sistante \u00e0 la chaleur.<\/p>\n","protected":false},"excerpt":{"rendered":"<p>Les bandes transporteuses sont la base de la majorit\u00e9 des syst\u00e8mes de transport dans les secteurs les plus vari\u00e9s, tels que le traitement des mati\u00e8res premi\u00e8res, les industries de l\u2019acier et du recyclage, ou encore les industries du papier, du bois, du ciment et de la chimie. Quasiment tout est transportable: le bois, l\u2019acier, le [&hellip;]<\/p>\n","protected":false},"author":1,"featured_media":0,"parent":0,"menu_order":0,"comment_status":"closed","ping_status":"closed","template":"templates\/template-product.php","meta":{"_acf_changed":false,"footnotes":""},"class_list":["post-4339","page","type-page","status-publish","hentry"],"acf":[],"_links":{"self":[{"href":"https:\/\/repasupplies.com\/fr\/wp-json\/wp\/v2\/pages\/4339","targetHints":{"allow":["GET"]}}],"collection":[{"href":"https:\/\/repasupplies.com\/fr\/wp-json\/wp\/v2\/pages"}],"about":[{"href":"https:\/\/repasupplies.com\/fr\/wp-json\/wp\/v2\/types\/page"}],"author":[{"embeddable":true,"href":"https:\/\/repasupplies.com\/fr\/wp-json\/wp\/v2\/users\/1"}],"replies":[{"embeddable":true,"href":"https:\/\/repasupplies.com\/fr\/wp-json\/wp\/v2\/comments?post=4339"}],"version-history":[{"count":4,"href":"https:\/\/repasupplies.com\/fr\/wp-json\/wp\/v2\/pages\/4339\/revisions"}],"predecessor-version":[{"id":4393,"href":"https:\/\/repasupplies.com\/fr\/wp-json\/wp\/v2\/pages\/4339\/revisions\/4393"}],"wp:attachment":[{"href":"https:\/\/repasupplies.com\/fr\/wp-json\/wp\/v2\/media?parent=4339"}],"curies":[{"name":"wp","href":"https:\/\/api.w.org\/{rel}","templated":true}]}}