{"id":4358,"date":"2021-05-05T11:56:16","date_gmt":"2021-05-05T11:56:16","guid":{"rendered":"https:\/\/repasupplies.com\/?page_id=4358"},"modified":"2021-05-05T12:00:14","modified_gmt":"2021-05-05T12:00:14","slug":"bandes-transporteuses-pour-sciures","status":"publish","type":"page","link":"https:\/\/repasupplies.com\/fr\/bandes-transporteuses-pour-sciures\/","title":{"rendered":"Bandes transporteuses pour sciures"},"content":{"rendered":"\n<p>Dans l\u2019industrie de traitement du bois, les bandes transporteuses doivent r\u00e9pondre \u00e0 des caract\u00e9ristiques pr\u00e9cises. L\u00e0 o\u00f9 pour le transport des troncs d\u2019arbres et des grands blocs de bois, on utilise g\u00e9n\u00e9ralement des bandes Solid Woven (tiss\u00e9es solides) ou Ripstop, les d\u00e9chets de sciages plus fins n\u00e9cessitent des bandes avec une autre structure et configuration. Si vos clients sont des soci\u00e9t\u00e9s d\u2019\u00e9vacuation de sciures et poussi\u00e8res de bois, choisissez de pr\u00e9f\u00e9rence nos bandes sp\u00e9ciales pour sciures.<\/p>\n","protected":false},"excerpt":{"rendered":"<p>Dans l\u2019industrie de traitement du bois, les bandes transporteuses doivent r\u00e9pondre \u00e0 des caract\u00e9ristiques pr\u00e9cises. L\u00e0 o\u00f9 pour le transport des troncs d\u2019arbres et des grands blocs de bois, on utilise g\u00e9n\u00e9ralement des bandes Solid Woven (tiss\u00e9es solides) ou Ripstop, les d\u00e9chets de sciages plus fins n\u00e9cessitent des bandes avec une autre structure et configuration. [&hellip;]<\/p>\n","protected":false},"author":1,"featured_media":0,"parent":0,"menu_order":0,"comment_status":"closed","ping_status":"closed","template":"templates\/template-product.php","meta":{"_acf_changed":false,"footnotes":""},"class_list":["post-4358","page","type-page","status-publish","hentry"],"acf":[],"_links":{"self":[{"href":"https:\/\/repasupplies.com\/fr\/wp-json\/wp\/v2\/pages\/4358","targetHints":{"allow":["GET"]}}],"collection":[{"href":"https:\/\/repasupplies.com\/fr\/wp-json\/wp\/v2\/pages"}],"about":[{"href":"https:\/\/repasupplies.com\/fr\/wp-json\/wp\/v2\/types\/page"}],"author":[{"embeddable":true,"href":"https:\/\/repasupplies.com\/fr\/wp-json\/wp\/v2\/users\/1"}],"replies":[{"embeddable":true,"href":"https:\/\/repasupplies.com\/fr\/wp-json\/wp\/v2\/comments?post=4358"}],"version-history":[{"count":2,"href":"https:\/\/repasupplies.com\/fr\/wp-json\/wp\/v2\/pages\/4358\/revisions"}],"predecessor-version":[{"id":4365,"href":"https:\/\/repasupplies.com\/fr\/wp-json\/wp\/v2\/pages\/4358\/revisions\/4365"}],"wp:attachment":[{"href":"https:\/\/repasupplies.com\/fr\/wp-json\/wp\/v2\/media?parent=4358"}],"curies":[{"name":"wp","href":"https:\/\/api.w.org\/{rel}","templated":true}]}}