{"id":4366,"date":"2021-05-05T12:02:24","date_gmt":"2021-05-05T12:02:24","guid":{"rendered":"https:\/\/repasupplies.com\/?page_id=4366"},"modified":"2021-05-05T12:04:12","modified_gmt":"2021-05-05T12:04:12","slug":"bandes-transporteuses-pour-saleuses","status":"publish","type":"page","link":"https:\/\/repasupplies.com\/fr\/bandes-transporteuses-pour-saleuses\/","title":{"rendered":"Bandes transporteuses pour saleuses"},"content":{"rendered":"\n<p>Les bandes transporteuses sont tr\u00e8s pratiques pour les machines professionnelles d\u2019\u00e9pandage du sel. La bande fait en sorte que le sel est uniform\u00e9ment r\u00e9parti sur le disque d\u2019\u00e9pandage. D\u2019autre part, cette bande transporteuse permet \u00e9galement de r\u00e9pandre d\u2019autres produits que le sel, par exemple du sable ou du gravier.<\/p>\n\n\n\n<p>Les bandes transporteuses pour saleuses \u2013 ou bandes pour saleuses \u2013 sont sp\u00e9cialement con\u00e7ues pour \u00eatre utilis\u00e9es sur de tr\u00e8s petits tambours et atteindre des vitesses \u00e9lev\u00e9es. La combinaison d\u2019un profil aplati et d\u2019une haute r\u00e9sistance \u00e0 la traction font en sorte que le produit final est facile \u00e0 manipuler. Les bandes pour saleuses r\u00e9sistent \u00e9videmment tr\u00e8s bien au sel et aux conditions climatiques (extr\u00eames).<\/p>\n","protected":false},"excerpt":{"rendered":"<p>Les bandes transporteuses sont tr\u00e8s pratiques pour les machines professionnelles d\u2019\u00e9pandage du sel. La bande fait en sorte que le sel est uniform\u00e9ment r\u00e9parti sur le disque d\u2019\u00e9pandage. D\u2019autre part, cette bande transporteuse permet \u00e9galement de r\u00e9pandre d\u2019autres produits que le sel, par exemple du sable ou du gravier. Les bandes transporteuses pour saleuses \u2013 [&hellip;]<\/p>\n","protected":false},"author":1,"featured_media":0,"parent":0,"menu_order":0,"comment_status":"closed","ping_status":"closed","template":"templates\/template-product.php","meta":{"_acf_changed":false,"footnotes":""},"class_list":["post-4366","page","type-page","status-publish","hentry"],"acf":[],"_links":{"self":[{"href":"https:\/\/repasupplies.com\/fr\/wp-json\/wp\/v2\/pages\/4366","targetHints":{"allow":["GET"]}}],"collection":[{"href":"https:\/\/repasupplies.com\/fr\/wp-json\/wp\/v2\/pages"}],"about":[{"href":"https:\/\/repasupplies.com\/fr\/wp-json\/wp\/v2\/types\/page"}],"author":[{"embeddable":true,"href":"https:\/\/repasupplies.com\/fr\/wp-json\/wp\/v2\/users\/1"}],"replies":[{"embeddable":true,"href":"https:\/\/repasupplies.com\/fr\/wp-json\/wp\/v2\/comments?post=4366"}],"version-history":[{"count":3,"href":"https:\/\/repasupplies.com\/fr\/wp-json\/wp\/v2\/pages\/4366\/revisions"}],"predecessor-version":[{"id":4375,"href":"https:\/\/repasupplies.com\/fr\/wp-json\/wp\/v2\/pages\/4366\/revisions\/4375"}],"wp:attachment":[{"href":"https:\/\/repasupplies.com\/fr\/wp-json\/wp\/v2\/media?parent=4366"}],"curies":[{"name":"wp","href":"https:\/\/api.w.org\/{rel}","templated":true}]}}