{"id":4376,"date":"2021-05-05T13:29:23","date_gmt":"2021-05-05T13:29:23","guid":{"rendered":"https:\/\/repasupplies.com\/?page_id=4376"},"modified":"2021-05-05T14:02:48","modified_gmt":"2021-05-05T14:02:48","slug":"bandes-transporteuses-autoextinguibles","status":"publish","type":"page","link":"https:\/\/repasupplies.com\/fr\/bandes-transporteuses-autoextinguibles\/","title":{"rendered":"Bandes transporteuses autoextinguibles"},"content":{"rendered":"\n<p>Dans diff\u00e9rents secteurs, il y a non seulement un besoin de bandes transporteuses r\u00e9sistantes aux hautes temp\u00e9ratures, mais ces bandes transporteuses doivent \u00e9galement activement freiner ou \u00e9teindre les flammes. Le feu peut non seulement rapidement causer des d\u00e9g\u00e2ts sur le lieu o\u00f9 il commence, mais s\u2019il n\u2019est pas sous contr\u00f4le, il peut rapidement s\u2019\u00e9tendre et provoquer des explosions.<\/p>\n\n\n\n<p>Pour cette raison, les bandes transporteuses autoextinguibles peuvent \u00eatre une n\u00e9cessit\u00e9 absolue. Elles sont principalement utilis\u00e9es par les entreprises d\u2019exploitations mini\u00e8res, les centrales \u00e9lectriques, les industries de l\u2019acier, du recyclage et du ciment. \u00a0<\/p>\n","protected":false},"excerpt":{"rendered":"<p>Dans diff\u00e9rents secteurs, il y a non seulement un besoin de bandes transporteuses r\u00e9sistantes aux hautes temp\u00e9ratures, mais ces bandes transporteuses doivent \u00e9galement activement freiner ou \u00e9teindre les flammes. Le feu peut non seulement rapidement causer des d\u00e9g\u00e2ts sur le lieu o\u00f9 il commence, mais s\u2019il n\u2019est pas sous contr\u00f4le, il peut rapidement s\u2019\u00e9tendre et [&hellip;]<\/p>\n","protected":false},"author":1,"featured_media":0,"parent":0,"menu_order":0,"comment_status":"closed","ping_status":"closed","template":"templates\/template-product.php","meta":{"_acf_changed":false,"footnotes":""},"class_list":["post-4376","page","type-page","status-publish","hentry"],"acf":[],"_links":{"self":[{"href":"https:\/\/repasupplies.com\/fr\/wp-json\/wp\/v2\/pages\/4376","targetHints":{"allow":["GET"]}}],"collection":[{"href":"https:\/\/repasupplies.com\/fr\/wp-json\/wp\/v2\/pages"}],"about":[{"href":"https:\/\/repasupplies.com\/fr\/wp-json\/wp\/v2\/types\/page"}],"author":[{"embeddable":true,"href":"https:\/\/repasupplies.com\/fr\/wp-json\/wp\/v2\/users\/1"}],"replies":[{"embeddable":true,"href":"https:\/\/repasupplies.com\/fr\/wp-json\/wp\/v2\/comments?post=4376"}],"version-history":[{"count":4,"href":"https:\/\/repasupplies.com\/fr\/wp-json\/wp\/v2\/pages\/4376\/revisions"}],"predecessor-version":[{"id":4388,"href":"https:\/\/repasupplies.com\/fr\/wp-json\/wp\/v2\/pages\/4376\/revisions\/4388"}],"wp:attachment":[{"href":"https:\/\/repasupplies.com\/fr\/wp-json\/wp\/v2\/media?parent=4376"}],"curies":[{"name":"wp","href":"https:\/\/api.w.org\/{rel}","templated":true}]}}