{"id":4731,"date":"2021-08-10T10:55:52","date_gmt":"2021-08-10T10:55:52","guid":{"rendered":"https:\/\/repasupplies.com\/?page_id=4731"},"modified":"2021-08-10T10:55:58","modified_gmt":"2021-08-10T10:55:58","slug":"bandes-transporteuses-a-cables-en-acier","status":"publish","type":"page","link":"https:\/\/repasupplies.com\/fr\/bandes-transporteuses-a-cables-en-acier\/","title":{"rendered":"Bandes transporteuses \u00e0 c\u00e2bles en acier"},"content":{"rendered":"\n<p>Les bandes transporteuses \u00e0 c\u00e2bles en acier sont des bandes compos\u00e9es de plusieurs couches de caoutchouc, dans lesquelles un c\u00e2ble en acier est int\u00e9gr\u00e9.<\/p>\n\n\n\n<p>Les bandes transporteuses \u00e0 c\u00e2bles en acier sont LA solution pour les applications ou les industries plus lourdes, en raison de leur structures extr\u00eamement robustes, r\u00e9sistantes \u00e0 l&rsquo;usure et aux d\u00e9chirures. Elles sont \u00e9galement \u00e9conerg\u00e9tiques. Sur demande, REPA peut fournir des bandes transporteuses \u00e0 c\u00e2bles en acier avec diff\u00e9rentes finitions (ignifuges, r\u00e9sistantes \u00e0 la chaleur et au froid et r\u00e9sistantes \u00e0 l&rsquo;huile et aux graisses), dans presque toutes les normes, par exemple DIN, MSHA, ATEX, ISO, FRAS, etc.<\/p>\n\n\n\n<p>Il va sans dire que les bandes transporteuses \u00e0 c\u00e2bles en acier sont fr\u00e9quemment utilis\u00e9es dans les industries lourdes, telles que les ports et les mines. Mais ces bandes transporteuses peuvent \u00e9galement \u00eatre une solution pour les industries moins lourdes. Par exemple, lorsque les bandes transporteuses sont lourdement charg\u00e9es ou lorsque de longues distances doivent \u00eatre parcourues.<\/p>\n\n\n\n<p>Les bandes transporteuses \u00e0 c\u00e2bles en acier sont constitu\u00e9es de plusieurs composants, tous essentiels pour une bonne performance. Au milieu de la bande se trouvent les c\u00e2bles en acier galvanis\u00e9 au zinc. Ces c\u00e2bles sont constitu\u00e9s de nombreux fils, qui garantissent \u00e0 la fois une r\u00e9sistance maximale et d&rsquo;excellentes propri\u00e9t\u00e9s de flexibilit\u00e9. Le rev\u00eatement en zinc assure une bonne adh\u00e9rence entre les c\u00e2bles et la couche isolante et prot\u00e8ge contre la corrosion. Ce rev\u00eatement est enrob\u00e9 d\u2019une couche isolante qui adh\u00e8re aux et p\u00e9n\u00e8tre dans les c\u00e2bles en acier pour une efficacit\u00e9 optimale.<\/p>\n","protected":false},"excerpt":{"rendered":"<p>Les bandes transporteuses \u00e0 c\u00e2bles en acier sont des bandes compos\u00e9es de plusieurs couches de caoutchouc, dans lesquelles un c\u00e2ble en acier est int\u00e9gr\u00e9. Les bandes transporteuses \u00e0 c\u00e2bles en acier sont LA solution pour les applications ou les industries plus lourdes, en raison de leur structures extr\u00eamement robustes, r\u00e9sistantes \u00e0 l&rsquo;usure et aux d\u00e9chirures. [&hellip;]<\/p>\n","protected":false},"author":1,"featured_media":0,"parent":0,"menu_order":0,"comment_status":"closed","ping_status":"closed","template":"templates\/template-product.php","meta":{"_acf_changed":false,"footnotes":""},"class_list":["post-4731","page","type-page","status-publish","hentry"],"acf":[],"_links":{"self":[{"href":"https:\/\/repasupplies.com\/fr\/wp-json\/wp\/v2\/pages\/4731","targetHints":{"allow":["GET"]}}],"collection":[{"href":"https:\/\/repasupplies.com\/fr\/wp-json\/wp\/v2\/pages"}],"about":[{"href":"https:\/\/repasupplies.com\/fr\/wp-json\/wp\/v2\/types\/page"}],"author":[{"embeddable":true,"href":"https:\/\/repasupplies.com\/fr\/wp-json\/wp\/v2\/users\/1"}],"replies":[{"embeddable":true,"href":"https:\/\/repasupplies.com\/fr\/wp-json\/wp\/v2\/comments?post=4731"}],"version-history":[{"count":3,"href":"https:\/\/repasupplies.com\/fr\/wp-json\/wp\/v2\/pages\/4731\/revisions"}],"predecessor-version":[{"id":4734,"href":"https:\/\/repasupplies.com\/fr\/wp-json\/wp\/v2\/pages\/4731\/revisions\/4734"}],"wp:attachment":[{"href":"https:\/\/repasupplies.com\/fr\/wp-json\/wp\/v2\/media?parent=4731"}],"curies":[{"name":"wp","href":"https:\/\/api.w.org\/{rel}","templated":true}]}}