{"id":5427,"date":"2023-07-07T09:25:32","date_gmt":"2023-07-07T09:25:32","guid":{"rendered":"https:\/\/repasupplies.com\/?page_id=5427"},"modified":"2023-07-07T09:26:38","modified_gmt":"2023-07-07T09:26:38","slug":"numero-didentification","status":"publish","type":"page","link":"https:\/\/repasupplies.com\/fr\/numero-didentification\/","title":{"rendered":"Num\u00e9ro d&rsquo;identification"},"content":{"rendered":"\n<p>En raison d&rsquo;un nouveau syst\u00e8me bancaire, il sera bient\u00f4t obligatoire d&rsquo;inclure <strong>un num\u00e9ro d&rsquo;identification unique<\/strong> dans les factures des d\u00e9biteurs. Aux Pays-Bas, ce num\u00e9ro sera celui de la Chambre de commerce (KvK). \u00c0 l&rsquo;\u00e9tranger sera utilis\u00e9 un num\u00e9ro d&rsquo;identification officiel similaire provenant du registre du commerce officiel du pays concern\u00e9 (longueur maximale de 12 caract\u00e8res alphanum\u00e9riques). Attention : <strong>Veuillez noter qu&rsquo;il ne s&rsquo;agit pas du num\u00e9ro de TVA.<\/strong> <\/p>\n\n\n\n<p>Afin que nous puissions continuer \u00e0 offrir nos services sans probl\u00e8me, nous vous demandons de bien vouloir, <strong>avant le 24-07-2023<\/strong>, utiliser le formulaire ci-joint pour nous communiquer le num\u00e9ro d&rsquo;identification unique en question. Veuillez indiquer ici le nom de votre entreprise, le num\u00e9ro de votre d\u00e9biteur (vous pouvez copier ces informations dans le pr\u00e9sent e-mail) et votre num\u00e9ro d&rsquo;identification. Cela ne vous prendra qu&rsquo;une minute.\u00a0 Nous vous remercions par avance.<\/p>\n","protected":false},"excerpt":{"rendered":"<p>En raison d&rsquo;un nouveau syst\u00e8me bancaire, il sera bient\u00f4t obligatoire d&rsquo;inclure un num\u00e9ro d&rsquo;identification unique dans les factures des d\u00e9biteurs. Aux Pays-Bas, ce num\u00e9ro sera celui de la Chambre de commerce (KvK). \u00c0 l&rsquo;\u00e9tranger sera utilis\u00e9 un num\u00e9ro d&rsquo;identification officiel similaire provenant du registre du commerce officiel du pays concern\u00e9 (longueur maximale de 12 caract\u00e8res [&hellip;]<\/p>\n","protected":false},"author":1,"featured_media":0,"parent":0,"menu_order":0,"comment_status":"closed","ping_status":"closed","template":"templates\/template-contact.php","meta":{"_acf_changed":false,"footnotes":""},"class_list":["post-5427","page","type-page","status-publish","hentry"],"acf":[],"_links":{"self":[{"href":"https:\/\/repasupplies.com\/fr\/wp-json\/wp\/v2\/pages\/5427","targetHints":{"allow":["GET"]}}],"collection":[{"href":"https:\/\/repasupplies.com\/fr\/wp-json\/wp\/v2\/pages"}],"about":[{"href":"https:\/\/repasupplies.com\/fr\/wp-json\/wp\/v2\/types\/page"}],"author":[{"embeddable":true,"href":"https:\/\/repasupplies.com\/fr\/wp-json\/wp\/v2\/users\/1"}],"replies":[{"embeddable":true,"href":"https:\/\/repasupplies.com\/fr\/wp-json\/wp\/v2\/comments?post=5427"}],"version-history":[{"count":3,"href":"https:\/\/repasupplies.com\/fr\/wp-json\/wp\/v2\/pages\/5427\/revisions"}],"predecessor-version":[{"id":5430,"href":"https:\/\/repasupplies.com\/fr\/wp-json\/wp\/v2\/pages\/5427\/revisions\/5430"}],"wp:attachment":[{"href":"https:\/\/repasupplies.com\/fr\/wp-json\/wp\/v2\/media?parent=5427"}],"curies":[{"name":"wp","href":"https:\/\/api.w.org\/{rel}","templated":true}]}}