{"id":3197,"date":"2021-04-24T13:10:52","date_gmt":"2021-04-24T13:10:52","guid":{"rendered":"https:\/\/repasupplies.com\/?page_id=3197"},"modified":"2021-04-24T13:10:59","modified_gmt":"2021-04-24T13:10:59","slug":"chi-siamo","status":"publish","type":"page","link":"https:\/\/repasupplies.com\/it\/chi-siamo\/","title":{"rendered":"Chi siamo"},"content":{"rendered":"\n<p>Non importa in quale settore operiate, se siete un rivenditore di vulcanizzatori o un commerciante di nastri trasportatori, REPA Supplies ha il prodotto perfetto per voi! Industria leggera, media o pesante; come fornitore unico pi\u00f9 grande e completo d&#8217;Europa possiamo offrirvi una gamma illimitata di materiali e soluzioni.<\/p>\n\n\n\n<p>REPA Supplies fa parte del gruppo REPA, un gruppo con pi\u00f9 di 25 anni di esperienza nell&#8217;industria dei nastri trasportatori e di cui REPA Conveyor belts \u00e8 la parte pi\u00f9 conosciuta e storica. Chiunque abbia avuto a che fare con REPA sa quanto sia importante per noi la soddisfazione dei nostri clienti, che cerchiamo di garantire concentrandoci costantemente sui nostri tre pilastri: consegna veloce, qualit\u00e0 e prezzo.<\/p>\n\n\n\n<p>Questo richiede un magazzino molto ampio di trasportatori in gomma e plastica e tutti i componenti che li completano. Questa grande fornitura, combinata con la nostra flessibilit\u00e0, permette di fornire spedizioni dirette al cliente.<\/p>\n\n\n\n<p>I nostri prodotti sono di ottima qualit\u00e0 e sono testati e controllati nel nostro laboratorio anche per il tasso di usura e la forza di trazione. Siamo anche certificati ISO\/9001 e SHE dal 1998, soddisfiamo i requisiti dei regolamenti REACH, RoHS e PAHS. Il nostro personale \u00e8 inoltre altamente qualificato.<\/p>\n\n\n\n<p>Questo impegno si estende ben oltre i nostri confini. Abbiamo rappresentanti REPA in Asia che assicurano che le merci e i laboratori l\u00ec soddisfino tutti i requisiti e un team di ingegneri che viaggia costantemente nelle varie strutture per assistere allo sviluppo, all&#8217;ottimizzazione e ai test dei nostri prodotti.<\/p>\n\n\n\n<p>Sul nostro sito web troverete una panoramica di tutti i prodotti che REPA ha in magazzino, dai nastri trasportatori ai set di rulli folli, dal materiale di rivestimento alle presse di vulcanizzazione.<\/p>\n\n\n\n<p>Potete contattarci per tutte le vostre esigenze, anche quando si tratta di consigli e assistenza. Un nostro grande vantaggio \u00e8 la nostra totale indipendenza. Questo vi d\u00e0 la garanzia che agiamo sempre nel vostro interesse e pensiamo insieme a voi per arrivare alla migliore soluzione su misura.<\/p>\n","protected":false},"excerpt":{"rendered":"<p>Non importa in quale settore operiate, se siete un rivenditore di vulcanizzatori o un commerciante di nastri trasportatori, REPA Supplies ha il prodotto perfetto per voi! Industria leggera, media o pesante; come fornitore unico pi\u00f9 grande e completo d&#8217;Europa possiamo offrirvi una gamma illimitata di materiali e soluzioni. REPA Supplies fa parte del gruppo REPA, [&hellip;]<\/p>\n","protected":false},"author":1,"featured_media":277,"parent":0,"menu_order":0,"comment_status":"closed","ping_status":"closed","template":"","meta":{"_acf_changed":false,"footnotes":""},"class_list":["post-3197","page","type-page","status-publish","has-post-thumbnail","hentry"],"acf":[],"_links":{"self":[{"href":"https:\/\/repasupplies.com\/it\/wp-json\/wp\/v2\/pages\/3197","targetHints":{"allow":["GET"]}}],"collection":[{"href":"https:\/\/repasupplies.com\/it\/wp-json\/wp\/v2\/pages"}],"about":[{"href":"https:\/\/repasupplies.com\/it\/wp-json\/wp\/v2\/types\/page"}],"author":[{"embeddable":true,"href":"https:\/\/repasupplies.com\/it\/wp-json\/wp\/v2\/users\/1"}],"replies":[{"embeddable":true,"href":"https:\/\/repasupplies.com\/it\/wp-json\/wp\/v2\/comments?post=3197"}],"version-history":[{"count":2,"href":"https:\/\/repasupplies.com\/it\/wp-json\/wp\/v2\/pages\/3197\/revisions"}],"predecessor-version":[{"id":3852,"href":"https:\/\/repasupplies.com\/it\/wp-json\/wp\/v2\/pages\/3197\/revisions\/3852"}],"wp:featuredmedia":[{"embeddable":true,"href":"https:\/\/repasupplies.com\/it\/wp-json\/wp\/v2\/media\/277"}],"wp:attachment":[{"href":"https:\/\/repasupplies.com\/it\/wp-json\/wp\/v2\/media?parent=3197"}],"curies":[{"name":"wp","href":"https:\/\/api.w.org\/{rel}","templated":true}]}}