{"id":3393,"date":"2021-04-30T05:08:03","date_gmt":"2021-04-30T05:08:03","guid":{"rendered":"https:\/\/repasupplies.com\/?page_id=3393"},"modified":"2021-04-30T05:08:10","modified_gmt":"2021-04-30T05:08:10","slug":"offerte-di-lavoro","status":"publish","type":"page","link":"https:\/\/repasupplies.com\/it\/offerte-di-lavoro\/","title":{"rendered":"Offerte di lavoro"},"content":{"rendered":"\n<p>Alla REPA siamo coinvolti e professionali e aiutiamo sempre i nostri clienti al meglio delle nostre capacit\u00e0 con i nostri prodotti di alta qualit\u00e0. Siamo orgogliosi di essere il pi\u00f9 grande fornitore a fonte unica d&#8217;Europa e facciamo di tutto per essere all&#8217;altezza di questa reputazione. Il nostro impegno ha pi\u00f9 di 25 anni, condito da entusiasmo e spirito di squadra.<\/p>\n\n\n\n<p>Ti riconosci nel nostro profilo e non vedi l&#8217;ora di diventare un nostro collega? Desideri rafforzare il nostro team con la tua grinta e le tue conoscenze? Dai un&#8217;occhiata ai posti liberi qui sotto e vedi se trovi qualcosa che fa al caso tuo!<\/p>\n\n\n\n<p>Non ci sono offerte di lavoro al momento, ma vorresti comunque essere invitato per un colloquio? Invia una domanda aperta e spiega perch\u00e9 sei la persona di cui abbiamo bisogno. Ti aspettiamo!<\/p>\n","protected":false},"excerpt":{"rendered":"<p>Alla REPA siamo coinvolti e professionali e aiutiamo sempre i nostri clienti al meglio delle nostre capacit\u00e0 con i nostri prodotti di alta qualit\u00e0. Siamo orgogliosi di essere il pi\u00f9 grande fornitore a fonte unica d&#8217;Europa e facciamo di tutto per essere all&#8217;altezza di questa reputazione. Il nostro impegno ha pi\u00f9 di 25 anni, condito [&hellip;]<\/p>\n","protected":false},"author":1,"featured_media":0,"parent":0,"menu_order":0,"comment_status":"closed","ping_status":"closed","template":"templates\/template-Vacancies.php","meta":{"_acf_changed":false,"footnotes":""},"class_list":["post-3393","page","type-page","status-publish","hentry"],"acf":[],"_links":{"self":[{"href":"https:\/\/repasupplies.com\/it\/wp-json\/wp\/v2\/pages\/3393","targetHints":{"allow":["GET"]}}],"collection":[{"href":"https:\/\/repasupplies.com\/it\/wp-json\/wp\/v2\/pages"}],"about":[{"href":"https:\/\/repasupplies.com\/it\/wp-json\/wp\/v2\/types\/page"}],"author":[{"embeddable":true,"href":"https:\/\/repasupplies.com\/it\/wp-json\/wp\/v2\/users\/1"}],"replies":[{"embeddable":true,"href":"https:\/\/repasupplies.com\/it\/wp-json\/wp\/v2\/comments?post=3393"}],"version-history":[{"count":1,"href":"https:\/\/repasupplies.com\/it\/wp-json\/wp\/v2\/pages\/3393\/revisions"}],"predecessor-version":[{"id":3394,"href":"https:\/\/repasupplies.com\/it\/wp-json\/wp\/v2\/pages\/3393\/revisions\/3394"}],"wp:attachment":[{"href":"https:\/\/repasupplies.com\/it\/wp-json\/wp\/v2\/media?parent=3393"}],"curies":[{"name":"wp","href":"https:\/\/api.w.org\/{rel}","templated":true}]}}